{"id":1284,"date":"2013-08-01T08:33:25","date_gmt":"2013-08-01T07:33:25","guid":{"rendered":"http:\/\/www.pittini.at\/shop\/?post_type=product&#038;p=1284"},"modified":"2014-07-03T14:42:55","modified_gmt":"2014-07-03T13:42:55","slug":"tachyonisierte-ohrstecker-rot","status":"publish","type":"product","link":"https:\/\/www.pittini.at\/shop\/produkt\/tachyonisierte-ohrstecker-rot\/","title":{"rendered":"Tachyonisierte Ohrstecker &#8211; Rot"},"content":{"rendered":"<p>Das Tragen dieser Ohrstecker stimuliert die Meridian Punkte in den Ohren und balanciert die rechte und linke Hemisph\u00e4re des Gehirns, bringt somit mehr Konzentration und der Bereich kann dann auf dem h\u00f6chsten energetischem Potenzial funktionieren. F\u00fcr die Balance ist es sehr wichtig, dass Sie einen Tachyonisierten Ohrstecker in jedem Ohr tragen.<\/p>\n","protected":false},"excerpt":{"rendered":"<p>Tachyonisierte Ohrstecker &#8211; Sterlingsilber<\/p>\n<p>DM ca. 5 mm<\/p>\n","protected":false},"featured_media":1285,"comment_status":"closed","ping_status":"closed","template":"","meta":[],"product_brand":[],"product_cat":[42],"product_tag":[176,283],"class_list":{"0":"post-1284","1":"product","2":"type-product","3":"status-publish","4":"has-post-thumbnail","6":"product_cat-tachyonen","7":"product_tag-ausgleichend","8":"product_tag-meridiane","10":"first","11":"instock","12":"taxable","13":"shipping-taxable","14":"purchasable","15":"product-type-simple"},"_links":{"self":[{"href":"https:\/\/www.pittini.at\/shop\/wp-json\/wp\/v2\/product\/1284","targetHints":{"allow":["GET"]}}],"collection":[{"href":"https:\/\/www.pittini.at\/shop\/wp-json\/wp\/v2\/product"}],"about":[{"href":"https:\/\/www.pittini.at\/shop\/wp-json\/wp\/v2\/types\/product"}],"replies":[{"embeddable":true,"href":"https:\/\/www.pittini.at\/shop\/wp-json\/wp\/v2\/comments?post=1284"}],"wp:featuredmedia":[{"embeddable":true,"href":"https:\/\/www.pittini.at\/shop\/wp-json\/wp\/v2\/media\/1285"}],"wp:attachment":[{"href":"https:\/\/www.pittini.at\/shop\/wp-json\/wp\/v2\/media?parent=1284"}],"wp:term":[{"taxonomy":"product_brand","embeddable":true,"href":"https:\/\/www.pittini.at\/shop\/wp-json\/wp\/v2\/product_brand?post=1284"},{"taxonomy":"product_cat","embeddable":true,"href":"https:\/\/www.pittini.at\/shop\/wp-json\/wp\/v2\/product_cat?post=1284"},{"taxonomy":"product_tag","embeddable":true,"href":"https:\/\/www.pittini.at\/shop\/wp-json\/wp\/v2\/product_tag?post=1284"}],"curies":[{"name":"wp","href":"https:\/\/api.w.org\/{rel}","templated":true}]}}