{"id":1373,"date":"2013-08-02T16:04:20","date_gmt":"2013-08-02T15:04:20","guid":{"rendered":"http:\/\/www.pittini.at\/shop\/?post_type=product&#038;p=1373"},"modified":"2013-08-02T16:04:20","modified_gmt":"2013-08-02T15:04:20","slug":"anhanger-orthoceras","status":"publish","type":"product","link":"https:\/\/www.pittini.at\/shop\/produkt\/anhanger-orthoceras\/","title":{"rendered":"Anh\u00e4nger Orthoceras"},"content":{"rendered":"<p>Orthocerasanh\u00e4nger f\u00fcr Lederband<\/p>\n<p>Man sagt, dass der Stein durch seine Farbgebung die Kreativit\u00e4t seines Tr\u00e4gers positiv beeinflusst. Zudem soll er bei der Bew\u00e4ltigung von Emotionen hilfreich sein und n\u00e4chtliche Angstzust\u00e4nde bessern. Ein besserer, ruhiger Schlaf st\u00e4rkt Ihre Vitalit\u00e4t und verhilft Ihnen zu neuer Lebenskraft!<\/p>\n<p>&nbsp;<\/p>\n","protected":false},"excerpt":{"rendered":"<p>Einzelst\u00fcck<\/p>\n<p>DM ca. 27 mm<\/p>\n","protected":false},"featured_media":1374,"comment_status":"closed","ping_status":"closed","template":"","meta":[],"product_brand":[],"product_cat":[],"product_tag":[292],"class_list":{"0":"post-1373","1":"product","2":"type-product","3":"status-publish","4":"has-post-thumbnail","6":"product_tag-starke","8":"first","9":"instock","10":"taxable","11":"shipping-taxable","12":"purchasable","13":"product-type-simple"},"_links":{"self":[{"href":"https:\/\/www.pittini.at\/shop\/wp-json\/wp\/v2\/product\/1373","targetHints":{"allow":["GET"]}}],"collection":[{"href":"https:\/\/www.pittini.at\/shop\/wp-json\/wp\/v2\/product"}],"about":[{"href":"https:\/\/www.pittini.at\/shop\/wp-json\/wp\/v2\/types\/product"}],"replies":[{"embeddable":true,"href":"https:\/\/www.pittini.at\/shop\/wp-json\/wp\/v2\/comments?post=1373"}],"wp:featuredmedia":[{"embeddable":true,"href":"https:\/\/www.pittini.at\/shop\/wp-json\/wp\/v2\/media\/1374"}],"wp:attachment":[{"href":"https:\/\/www.pittini.at\/shop\/wp-json\/wp\/v2\/media?parent=1373"}],"wp:term":[{"taxonomy":"product_brand","embeddable":true,"href":"https:\/\/www.pittini.at\/shop\/wp-json\/wp\/v2\/product_brand?post=1373"},{"taxonomy":"product_cat","embeddable":true,"href":"https:\/\/www.pittini.at\/shop\/wp-json\/wp\/v2\/product_cat?post=1373"},{"taxonomy":"product_tag","embeddable":true,"href":"https:\/\/www.pittini.at\/shop\/wp-json\/wp\/v2\/product_tag?post=1373"}],"curies":[{"name":"wp","href":"https:\/\/api.w.org\/{rel}","templated":true}]}}