{"id":1376,"date":"2013-08-02T16:13:47","date_gmt":"2013-08-02T15:13:47","guid":{"rendered":"http:\/\/www.pittini.at\/shop\/?post_type=product&#038;p=1376"},"modified":"2013-08-05T08:17:29","modified_gmt":"2013-08-05T07:17:29","slug":"kette-jade-mit-fimo","status":"publish","type":"product","link":"https:\/\/www.pittini.at\/shop\/produkt\/kette-jade-mit-fimo\/","title":{"rendered":"Kette Jade mit Fimo"},"content":{"rendered":"<p>Sch\u00f6ne handgearbeitete Jadekette mit modellierten Fimokugeln.<\/p>\n<p>Jade f\u00f6rdert die Liebesf\u00e4higkeit, Pers\u00f6nlichkeit und Ausdrucksf\u00e4higkeit und harmonisiert die Gedankenwelt seines Tr\u00e4gers.<\/p>\n","protected":false},"excerpt":{"rendered":"<p>Einzelst\u00fcck<\/p>\n<p>Kette mit Magnetverschluss, L\u00e4nge ca. 50 cm<\/p>\n<p>Fimokugel DM 2,5 cm<\/p>\n<p>Jade: 3 x 2 cm<\/p>\n","protected":false},"featured_media":1397,"comment_status":"closed","ping_status":"closed","template":"","meta":[],"product_brand":[],"product_cat":[],"product_tag":[159],"class_list":{"0":"post-1376","1":"product","2":"type-product","3":"status-publish","4":"has-post-thumbnail","6":"product_tag-kraft","8":"first","9":"instock","10":"taxable","11":"shipping-taxable","12":"purchasable","13":"product-type-simple"},"_links":{"self":[{"href":"https:\/\/www.pittini.at\/shop\/wp-json\/wp\/v2\/product\/1376","targetHints":{"allow":["GET"]}}],"collection":[{"href":"https:\/\/www.pittini.at\/shop\/wp-json\/wp\/v2\/product"}],"about":[{"href":"https:\/\/www.pittini.at\/shop\/wp-json\/wp\/v2\/types\/product"}],"replies":[{"embeddable":true,"href":"https:\/\/www.pittini.at\/shop\/wp-json\/wp\/v2\/comments?post=1376"}],"wp:featuredmedia":[{"embeddable":true,"href":"https:\/\/www.pittini.at\/shop\/wp-json\/wp\/v2\/media\/1397"}],"wp:attachment":[{"href":"https:\/\/www.pittini.at\/shop\/wp-json\/wp\/v2\/media?parent=1376"}],"wp:term":[{"taxonomy":"product_brand","embeddable":true,"href":"https:\/\/www.pittini.at\/shop\/wp-json\/wp\/v2\/product_brand?post=1376"},{"taxonomy":"product_cat","embeddable":true,"href":"https:\/\/www.pittini.at\/shop\/wp-json\/wp\/v2\/product_cat?post=1376"},{"taxonomy":"product_tag","embeddable":true,"href":"https:\/\/www.pittini.at\/shop\/wp-json\/wp\/v2\/product_tag?post=1376"}],"curies":[{"name":"wp","href":"https:\/\/api.w.org\/{rel}","templated":true}]}}