{"id":1384,"date":"2013-08-02T16:49:56","date_gmt":"2013-08-02T15:49:56","guid":{"rendered":"http:\/\/www.pittini.at\/shop\/?post_type=product&#038;p=1384"},"modified":"2015-12-03T10:53:09","modified_gmt":"2015-12-03T09:53:09","slug":"holzanhanger-blume-des-lebens","status":"publish","type":"product","link":"https:\/\/www.pittini.at\/shop\/produkt\/holzanhanger-blume-des-lebens\/","title":{"rendered":"Holzanh\u00e4nger &#8222;Blume des Lebens&#8220;"},"content":{"rendered":"<p>Holzscheibe mit Handdruck Blume des Lebens<\/p>\n<p>Dieses sch\u00f6ne Accessoire schm\u00fcckt Ihre Geschenke, Wohnr\u00e4ume &#8230;.<\/p>\n","protected":false},"excerpt":{"rendered":"<p>Holzscheibe Blume des Lebens<\/p>\n<p>DM ca. 5 &#8211; 6 cm<\/p>\n","protected":false},"featured_media":1403,"comment_status":"closed","ping_status":"closed","template":"","meta":[],"product_brand":[],"product_cat":[39],"product_tag":[252],"class_list":{"0":"post-1384","1":"product","2":"type-product","3":"status-publish","4":"has-post-thumbnail","6":"product_cat-blume-des-lebens","7":"product_tag-freude","9":"first","10":"instock","11":"taxable","12":"shipping-taxable","13":"purchasable","14":"product-type-simple"},"_links":{"self":[{"href":"https:\/\/www.pittini.at\/shop\/wp-json\/wp\/v2\/product\/1384","targetHints":{"allow":["GET"]}}],"collection":[{"href":"https:\/\/www.pittini.at\/shop\/wp-json\/wp\/v2\/product"}],"about":[{"href":"https:\/\/www.pittini.at\/shop\/wp-json\/wp\/v2\/types\/product"}],"replies":[{"embeddable":true,"href":"https:\/\/www.pittini.at\/shop\/wp-json\/wp\/v2\/comments?post=1384"}],"wp:featuredmedia":[{"embeddable":true,"href":"https:\/\/www.pittini.at\/shop\/wp-json\/wp\/v2\/media\/1403"}],"wp:attachment":[{"href":"https:\/\/www.pittini.at\/shop\/wp-json\/wp\/v2\/media?parent=1384"}],"wp:term":[{"taxonomy":"product_brand","embeddable":true,"href":"https:\/\/www.pittini.at\/shop\/wp-json\/wp\/v2\/product_brand?post=1384"},{"taxonomy":"product_cat","embeddable":true,"href":"https:\/\/www.pittini.at\/shop\/wp-json\/wp\/v2\/product_cat?post=1384"},{"taxonomy":"product_tag","embeddable":true,"href":"https:\/\/www.pittini.at\/shop\/wp-json\/wp\/v2\/product_tag?post=1384"}],"curies":[{"name":"wp","href":"https:\/\/api.w.org\/{rel}","templated":true}]}}