{"id":146,"date":"2013-05-31T07:38:29","date_gmt":"2013-05-31T06:38:29","guid":{"rendered":"http:\/\/www.pittini.at\/shop\/?post_type=product&#038;p=146"},"modified":"2017-04-20T10:33:42","modified_gmt":"2017-04-20T08:33:42","slug":"schlaf-gut-raumspray","status":"publish","type":"product","link":"https:\/\/www.pittini.at\/shop\/produkt\/schlaf-gut-raumspray\/","title":{"rendered":"Schlaf gut Aromaspray"},"content":{"rendered":"<p>Eine entz\u00fcckende, sanfte Mischung f\u00fcr Gro\u00df und Klein, die nicht nur besorgte M\u00fctter beruhigt und rastlose Babys in den Schlaf wiegt, sondern allen zur wohlverdienten Ruhe verhilft.<\/p>\n<p>&nbsp;<\/p>\n<p>\u00c4therische \u00d6le wie Lavendel, Kamille und Mandarine entspannen und beruhigen und entf\u00fchren sanft ins Land der Tr\u00e4ume!<\/p>\n<p>&nbsp;<\/p>\n<p>&nbsp;<\/p>\n","protected":false},"excerpt":{"rendered":"<p>Schlaf Gut<\/p>\n<p>100ml<\/p>\n","protected":false},"featured_media":147,"comment_status":"closed","ping_status":"closed","template":"","meta":[],"product_brand":[],"product_cat":[37,27],"product_tag":[70,69,71,68],"class_list":{"0":"post-146","1":"product","2":"type-product","3":"status-publish","4":"has-post-thumbnail","6":"product_cat-aromatherapie","7":"product_cat-raumsprays","8":"product_tag-kamille","9":"product_tag-lavendel","10":"product_tag-mandarine","11":"product_tag-schlaf-gut","13":"first","14":"instock","15":"taxable","16":"shipping-taxable","17":"purchasable","18":"product-type-simple"},"_links":{"self":[{"href":"https:\/\/www.pittini.at\/shop\/wp-json\/wp\/v2\/product\/146","targetHints":{"allow":["GET"]}}],"collection":[{"href":"https:\/\/www.pittini.at\/shop\/wp-json\/wp\/v2\/product"}],"about":[{"href":"https:\/\/www.pittini.at\/shop\/wp-json\/wp\/v2\/types\/product"}],"replies":[{"embeddable":true,"href":"https:\/\/www.pittini.at\/shop\/wp-json\/wp\/v2\/comments?post=146"}],"wp:featuredmedia":[{"embeddable":true,"href":"https:\/\/www.pittini.at\/shop\/wp-json\/wp\/v2\/media\/147"}],"wp:attachment":[{"href":"https:\/\/www.pittini.at\/shop\/wp-json\/wp\/v2\/media?parent=146"}],"wp:term":[{"taxonomy":"product_brand","embeddable":true,"href":"https:\/\/www.pittini.at\/shop\/wp-json\/wp\/v2\/product_brand?post=146"},{"taxonomy":"product_cat","embeddable":true,"href":"https:\/\/www.pittini.at\/shop\/wp-json\/wp\/v2\/product_cat?post=146"},{"taxonomy":"product_tag","embeddable":true,"href":"https:\/\/www.pittini.at\/shop\/wp-json\/wp\/v2\/product_tag?post=146"}],"curies":[{"name":"wp","href":"https:\/\/api.w.org\/{rel}","templated":true}]}}