{"id":148,"date":"2013-05-31T07:46:03","date_gmt":"2013-05-31T06:46:03","guid":{"rendered":"http:\/\/www.pittini.at\/shop\/?post_type=product&#038;p=148"},"modified":"2017-04-20T10:42:44","modified_gmt":"2017-04-20T08:42:44","slug":"welcome-raumspray","status":"publish","type":"product","link":"https:\/\/www.pittini.at\/shop\/produkt\/welcome-raumspray\/","title":{"rendered":"Welcome Aromaspray"},"content":{"rendered":"<p>Eine herrliche \u00d6lmischung um Ihre Freunde und Liebsten zu begr\u00fc\u00dfen. Verwandelt jeden Raum in ein wohliges Heim und erfrischt bei unangenehmen Ger\u00fcchen.<\/p>\n<p>&nbsp;<\/p>\n<p>\u00c4therische \u00d6le wie Zitrone und Lemongras reinigen und entgiften die Wohnraumatmosph\u00e4re und schenken ein Gef\u00fchl von Frische und Reinheit. Schalten Sie ab und genie\u00dfen Sie Ihr zu Hause!<\/p>\n<div><\/div>\n<p>&nbsp;<\/p>\n","protected":false},"excerpt":{"rendered":"<p>Welcome<\/p>\n<p>100ml<\/p>\n","protected":false},"featured_media":149,"comment_status":"closed","ping_status":"closed","template":"","meta":[],"product_brand":[],"product_cat":[37,27],"product_tag":[73,72],"class_list":{"0":"post-148","1":"product","2":"type-product","3":"status-publish","4":"has-post-thumbnail","6":"product_cat-aromatherapie","7":"product_cat-raumsprays","8":"product_tag-lemongras","9":"product_tag-zitrone","11":"first","12":"instock","13":"taxable","14":"shipping-taxable","15":"purchasable","16":"product-type-simple"},"_links":{"self":[{"href":"https:\/\/www.pittini.at\/shop\/wp-json\/wp\/v2\/product\/148","targetHints":{"allow":["GET"]}}],"collection":[{"href":"https:\/\/www.pittini.at\/shop\/wp-json\/wp\/v2\/product"}],"about":[{"href":"https:\/\/www.pittini.at\/shop\/wp-json\/wp\/v2\/types\/product"}],"replies":[{"embeddable":true,"href":"https:\/\/www.pittini.at\/shop\/wp-json\/wp\/v2\/comments?post=148"}],"wp:featuredmedia":[{"embeddable":true,"href":"https:\/\/www.pittini.at\/shop\/wp-json\/wp\/v2\/media\/149"}],"wp:attachment":[{"href":"https:\/\/www.pittini.at\/shop\/wp-json\/wp\/v2\/media?parent=148"}],"wp:term":[{"taxonomy":"product_brand","embeddable":true,"href":"https:\/\/www.pittini.at\/shop\/wp-json\/wp\/v2\/product_brand?post=148"},{"taxonomy":"product_cat","embeddable":true,"href":"https:\/\/www.pittini.at\/shop\/wp-json\/wp\/v2\/product_cat?post=148"},{"taxonomy":"product_tag","embeddable":true,"href":"https:\/\/www.pittini.at\/shop\/wp-json\/wp\/v2\/product_tag?post=148"}],"curies":[{"name":"wp","href":"https:\/\/api.w.org\/{rel}","templated":true}]}}