{"id":153,"date":"2013-05-31T07:54:14","date_gmt":"2013-05-31T06:54:14","guid":{"rendered":"http:\/\/www.pittini.at\/shop\/?post_type=product&#038;p=153"},"modified":"2020-07-24T11:10:11","modified_gmt":"2020-07-24T09:10:11","slug":"edelsteinessenz-kreativitat","status":"publish","type":"product","link":"https:\/\/www.pittini.at\/shop\/produkt\/edelsteinessenz-kreativitat\/","title":{"rendered":"Edelsteinessenz Kreativit\u00e4t"},"content":{"rendered":"<p>Die ausgew\u00e4hlten Edelsteine und \u00e4therischen \u00d6le unterst\u00fctzen das \u201eLoslassen\u201c, im geistigen, aber auch im k\u00f6rperlichen Sinne und verhelfen so zu einem harmonischen und \u201espannungsfreiem\u201c Leben.<\/p>\n<p>Edelsteine: Aventurin, Heliotrop, Jade<\/p>\n<p>\u00c4therische \u00d6le: Eukalyptus Bio, Majoran, Lavandin, Blutorange Bio<\/p>\n<p>Element Holz<\/p>\n<p>&nbsp;<\/p>\n<p>Der Holztyp kennt in seinem Tun keine Grenzen, arbeitet gerne und gut, ist selbstbewusst und verabscheut Routine und Langeweile. Dabei vergisst er oft zu entspannen, leidet unter Unruhe und Schlaflosigkeit. Schmerzhafte Verspannungen im Schulterbereich und Spannungskopfschmerzen sind die ersten Zeichen der System\u00fcberlastung.<\/p>\n<p>&nbsp;<\/p>\n<p>Die Edelstein Essenzen k\u00f6nnen als Pflegeprodukt f\u00fcr Gesicht und K\u00f6rper sowie als Massage\u00f6l eingesetzt werden. Sie sind gut geeignet zum Auftragen auf die Reflexzonen und Energiebahnen.<\/p>\n<p>&nbsp;<\/p>\n<p>&nbsp;<\/p>\n","protected":false},"excerpt":{"rendered":"<p>Kreativit\u00e4t 100 ml<\/p>\n<p>&nbsp;<\/p>\n","protected":false},"featured_media":154,"comment_status":"closed","ping_status":"closed","template":"","meta":[],"product_brand":[],"product_cat":[37,74],"product_tag":[63,76,75],"class_list":{"0":"post-153","1":"product","2":"type-product","3":"status-publish","4":"has-post-thumbnail","6":"product_cat-aromatherapie","7":"product_cat-edelsteinessenzen","8":"product_tag-eukalyptus","9":"product_tag-lavendel-bio","10":"product_tag-muskatellersalbei-bio","12":"first","13":"instock","14":"taxable","15":"shipping-taxable","16":"purchasable","17":"product-type-simple"},"_links":{"self":[{"href":"https:\/\/www.pittini.at\/shop\/wp-json\/wp\/v2\/product\/153","targetHints":{"allow":["GET"]}}],"collection":[{"href":"https:\/\/www.pittini.at\/shop\/wp-json\/wp\/v2\/product"}],"about":[{"href":"https:\/\/www.pittini.at\/shop\/wp-json\/wp\/v2\/types\/product"}],"replies":[{"embeddable":true,"href":"https:\/\/www.pittini.at\/shop\/wp-json\/wp\/v2\/comments?post=153"}],"wp:featuredmedia":[{"embeddable":true,"href":"https:\/\/www.pittini.at\/shop\/wp-json\/wp\/v2\/media\/154"}],"wp:attachment":[{"href":"https:\/\/www.pittini.at\/shop\/wp-json\/wp\/v2\/media?parent=153"}],"wp:term":[{"taxonomy":"product_brand","embeddable":true,"href":"https:\/\/www.pittini.at\/shop\/wp-json\/wp\/v2\/product_brand?post=153"},{"taxonomy":"product_cat","embeddable":true,"href":"https:\/\/www.pittini.at\/shop\/wp-json\/wp\/v2\/product_cat?post=153"},{"taxonomy":"product_tag","embeddable":true,"href":"https:\/\/www.pittini.at\/shop\/wp-json\/wp\/v2\/product_tag?post=153"}],"curies":[{"name":"wp","href":"https:\/\/api.w.org\/{rel}","templated":true}]}}