{"id":1557,"date":"2013-08-12T09:54:12","date_gmt":"2013-08-12T08:54:12","guid":{"rendered":"http:\/\/www.pittini.at\/shop\/?post_type=product&#038;p=1557"},"modified":"2013-08-12T09:54:47","modified_gmt":"2013-08-12T08:54:47","slug":"kette-tigerauge-mit-silberkugelchen","status":"publish","type":"product","link":"https:\/\/www.pittini.at\/shop\/produkt\/kette-tigerauge-mit-silberkugelchen\/","title":{"rendered":"Kette Tigerauge mit Silberkugelchen"},"content":{"rendered":"<p>Sch\u00f6ne handgearbeitete Tigeraugenkette mit 3 Silberkugeln<\/p>\n<p>&nbsp;<\/p>\n<p>Tigerauge: schenkt W\u00e4rme, welche uns aktiviert und uns hilft, unsere Mitte zu finden. Es schenkt Selbstvertrauen und Ausgeglichenheit. Seine F\u00e4higkeit, Konzentration zu st\u00e4rken, macht es beliebt bei Sch\u00fclern und Studenten. Tigerauge l\u00f6st durch seine W\u00e4rme Blockaden und wirkt somit Depressionen entgegen. Es bewirkt Vertrauen und Harmonie im Menschen und tr\u00e4gt so zu der Allgemeingesundheit von Psyche und K\u00f6rper bei.<\/p>\n","protected":false},"excerpt":{"rendered":"<p>Tigeraugenkette<\/p>\n<p>Einzelst\u00fcck<\/p>\n<p>L\u00e4nge ca. 53 cm, DM ca. 1,5 cm<\/p>\n","protected":false},"featured_media":1558,"comment_status":"closed","ping_status":"closed","template":"","meta":[],"product_brand":[],"product_cat":[],"product_tag":[284,262],"class_list":{"0":"post-1557","1":"product","2":"type-product","3":"status-publish","4":"has-post-thumbnail","6":"product_tag-balance","7":"product_tag-starkt-selbstvertrauen","9":"first","10":"instock","11":"taxable","12":"shipping-taxable","13":"purchasable","14":"product-type-simple"},"_links":{"self":[{"href":"https:\/\/www.pittini.at\/shop\/wp-json\/wp\/v2\/product\/1557","targetHints":{"allow":["GET"]}}],"collection":[{"href":"https:\/\/www.pittini.at\/shop\/wp-json\/wp\/v2\/product"}],"about":[{"href":"https:\/\/www.pittini.at\/shop\/wp-json\/wp\/v2\/types\/product"}],"replies":[{"embeddable":true,"href":"https:\/\/www.pittini.at\/shop\/wp-json\/wp\/v2\/comments?post=1557"}],"wp:featuredmedia":[{"embeddable":true,"href":"https:\/\/www.pittini.at\/shop\/wp-json\/wp\/v2\/media\/1558"}],"wp:attachment":[{"href":"https:\/\/www.pittini.at\/shop\/wp-json\/wp\/v2\/media?parent=1557"}],"wp:term":[{"taxonomy":"product_brand","embeddable":true,"href":"https:\/\/www.pittini.at\/shop\/wp-json\/wp\/v2\/product_brand?post=1557"},{"taxonomy":"product_cat","embeddable":true,"href":"https:\/\/www.pittini.at\/shop\/wp-json\/wp\/v2\/product_cat?post=1557"},{"taxonomy":"product_tag","embeddable":true,"href":"https:\/\/www.pittini.at\/shop\/wp-json\/wp\/v2\/product_tag?post=1557"}],"curies":[{"name":"wp","href":"https:\/\/api.w.org\/{rel}","templated":true}]}}