{"id":156,"date":"2013-05-31T07:58:43","date_gmt":"2013-05-31T06:58:43","guid":{"rendered":"http:\/\/www.pittini.at\/shop\/?post_type=product&#038;p=156"},"modified":"2020-07-24T11:11:29","modified_gmt":"2020-07-24T09:11:29","slug":"edelsteinessenz-vitalitat","status":"publish","type":"product","link":"https:\/\/www.pittini.at\/shop\/produkt\/edelsteinessenz-vitalitat\/","title":{"rendered":"Edelsteinessenz Vitalit\u00e4t"},"content":{"rendered":"<p>Die ausgew\u00e4hlten Edelsteine und \u00e4therischen \u00d6le helfen die Innere Ruhe wiederzufinden und so sowohl den K\u00f6rper, als auch den Geist vor \u00fcberm\u00e4\u00dfiger Anstrengung zu sch\u00fctzen.<\/p>\n<p>Edelsteine: Carneol, Rosenquarz, Roter Jaspis, Rubin<\/p>\n<p>\u00c4ther. \u00d6le: Rose bio, Rosenholz bio, Geranium bio, Blutorange, u.a.<\/p>\n<p>Element Feuer<\/p>\n<p>&nbsp;<\/p>\n<p>Der Feuertyp hat eine warme Ausstrahlung und ein gutes Einf\u00fchlungsverm\u00f6gen. Er hat eine offene Art und ist im t\u00e4glichen Leben oft hemmungslos. Alles Schwere und Tiefgr\u00fcndige widerspricht ihm und er verf\u00e4llt oft von einem Extrem ins andere. Er neigt dazu, sich exzessiv zu \u00fcberarbeiten und ist dann buchst\u00e4blich ausgebrannt.<\/p>\n<p>&nbsp;<\/p>\n<p>Die Edelstein Essenzen k\u00f6nnen als Pflegeprodukt f\u00fcr Gesicht und K\u00f6rper sowie als Massage\u00f6l eingesetzt werden. Sie sind gut geeignet zum Auftragen auf die Reflexzonen und Energiebahnen.<\/p>\n","protected":false},"excerpt":{"rendered":"<p>Vitalit\u00e4t 100 ml<\/p>\n","protected":false},"featured_media":157,"comment_status":"closed","ping_status":"closed","template":"","meta":[],"product_brand":[],"product_cat":[37,74],"product_tag":[176],"class_list":{"0":"post-156","1":"product","2":"type-product","3":"status-publish","4":"has-post-thumbnail","6":"product_cat-aromatherapie","7":"product_cat-edelsteinessenzen","8":"product_tag-ausgleichend","10":"first","11":"instock","12":"taxable","13":"shipping-taxable","14":"purchasable","15":"product-type-simple"},"_links":{"self":[{"href":"https:\/\/www.pittini.at\/shop\/wp-json\/wp\/v2\/product\/156","targetHints":{"allow":["GET"]}}],"collection":[{"href":"https:\/\/www.pittini.at\/shop\/wp-json\/wp\/v2\/product"}],"about":[{"href":"https:\/\/www.pittini.at\/shop\/wp-json\/wp\/v2\/types\/product"}],"replies":[{"embeddable":true,"href":"https:\/\/www.pittini.at\/shop\/wp-json\/wp\/v2\/comments?post=156"}],"wp:featuredmedia":[{"embeddable":true,"href":"https:\/\/www.pittini.at\/shop\/wp-json\/wp\/v2\/media\/157"}],"wp:attachment":[{"href":"https:\/\/www.pittini.at\/shop\/wp-json\/wp\/v2\/media?parent=156"}],"wp:term":[{"taxonomy":"product_brand","embeddable":true,"href":"https:\/\/www.pittini.at\/shop\/wp-json\/wp\/v2\/product_brand?post=156"},{"taxonomy":"product_cat","embeddable":true,"href":"https:\/\/www.pittini.at\/shop\/wp-json\/wp\/v2\/product_cat?post=156"},{"taxonomy":"product_tag","embeddable":true,"href":"https:\/\/www.pittini.at\/shop\/wp-json\/wp\/v2\/product_tag?post=156"}],"curies":[{"name":"wp","href":"https:\/\/api.w.org\/{rel}","templated":true}]}}