{"id":159,"date":"2013-05-31T08:06:11","date_gmt":"2013-05-31T07:06:11","guid":{"rendered":"http:\/\/www.pittini.at\/shop\/?post_type=product&#038;p=159"},"modified":"2020-07-24T11:04:23","modified_gmt":"2020-07-24T09:04:23","slug":"edelsteinessenz-harmonie","status":"publish","type":"product","link":"https:\/\/www.pittini.at\/shop\/produkt\/edelsteinessenz-harmonie\/","title":{"rendered":"Edelsteinessenz Harmonie"},"content":{"rendered":"<p>Die ausgew\u00e4hlten Edelsteine und \u00c4therischen \u00d6le unterst\u00fctzen Sie dabei, ein gesundes Mittelma\u00df zu finden und\u00a0so Ballast zu verlieren.<\/p>\n<p>Edelsteine: Citrin, Bernstein, Leoparden Jaspis<\/p>\n<p>\u00c4therische \u00d6le: Ylang Bio, Amyris, Jasmin, Muskatellersalbei<\/p>\n<p>Element Erde<\/p>\n<p>&nbsp;<\/p>\n<p>Der Erdtyp ist in sich ruhend und stabil, was sich durch seelische Ausgeglichenheit aber oft auch durch eine stattliche F\u00fclle ausdr\u00fcckt. Er ist sehr f\u00fcrsorglich und kann kaum nein sagen. Wird er \u00fcberfordert, neigt er zu \u00fcberm\u00e4\u00dfigen Essen sowie Schleim- und Feuchtigkeitsansammlungen, \u00d6demen und Kopfschmerzen.<\/p>\n<p>&nbsp;<\/p>\n<p>Die Edelstein Essenzen k\u00f6nnen als Pflegeprodukt f\u00fcr Gesicht und K\u00f6rper sowie als Massage\u00f6l eingesetzt werden. Sie sind gut geeignet zum Auftragen auf die Reflexzonen und Energiebahnen.<\/p>\n","protected":false},"excerpt":{"rendered":"<p>Harmonie 100 ml<\/p>\n","protected":false},"featured_media":160,"comment_status":"closed","ping_status":"closed","template":"","meta":[],"product_brand":[],"product_cat":[37,74],"product_tag":[284],"class_list":{"0":"post-159","1":"product","2":"type-product","3":"status-publish","4":"has-post-thumbnail","6":"product_cat-aromatherapie","7":"product_cat-edelsteinessenzen","8":"product_tag-balance","10":"first","11":"instock","12":"taxable","13":"shipping-taxable","14":"purchasable","15":"product-type-simple"},"_links":{"self":[{"href":"https:\/\/www.pittini.at\/shop\/wp-json\/wp\/v2\/product\/159","targetHints":{"allow":["GET"]}}],"collection":[{"href":"https:\/\/www.pittini.at\/shop\/wp-json\/wp\/v2\/product"}],"about":[{"href":"https:\/\/www.pittini.at\/shop\/wp-json\/wp\/v2\/types\/product"}],"replies":[{"embeddable":true,"href":"https:\/\/www.pittini.at\/shop\/wp-json\/wp\/v2\/comments?post=159"}],"wp:featuredmedia":[{"embeddable":true,"href":"https:\/\/www.pittini.at\/shop\/wp-json\/wp\/v2\/media\/160"}],"wp:attachment":[{"href":"https:\/\/www.pittini.at\/shop\/wp-json\/wp\/v2\/media?parent=159"}],"wp:term":[{"taxonomy":"product_brand","embeddable":true,"href":"https:\/\/www.pittini.at\/shop\/wp-json\/wp\/v2\/product_brand?post=159"},{"taxonomy":"product_cat","embeddable":true,"href":"https:\/\/www.pittini.at\/shop\/wp-json\/wp\/v2\/product_cat?post=159"},{"taxonomy":"product_tag","embeddable":true,"href":"https:\/\/www.pittini.at\/shop\/wp-json\/wp\/v2\/product_tag?post=159"}],"curies":[{"name":"wp","href":"https:\/\/api.w.org\/{rel}","templated":true}]}}