{"id":163,"date":"2013-05-31T08:10:19","date_gmt":"2013-05-31T07:10:19","guid":{"rendered":"http:\/\/www.pittini.at\/shop\/?post_type=product&#038;p=163"},"modified":"2020-07-24T11:09:02","modified_gmt":"2020-07-24T09:09:02","slug":"edelsteinessenz-konzentration","status":"publish","type":"product","link":"https:\/\/www.pittini.at\/shop\/produkt\/edelsteinessenz-konzentration\/","title":{"rendered":"Edelsteinessenz Konzentration"},"content":{"rendered":"<p>Die ausgew\u00e4hlten Edelsteine und \u00c4therischen \u00d6le wirken sowohl geistig als auch k\u00f6rperlich \u00f6ffnend und lassen ihn wieder frei atmen.<\/p>\n<p>Edelsteine: Bergkristall, Aquamarin, Fluorit<\/p>\n<p>\u00c4therische \u00d6le: Eukalyptus bio, Thymian, Fichte, Anis, Pfefferminze bio, u.a.<\/p>\n<p>Element Metall<\/p>\n<p>&nbsp;<\/p>\n<p>Der Metalltyp hat ein gutes Urteilsverm\u00f6gen und einen scharfen Verstand. Er neigt zur Perfektion und vernachl\u00e4ssigt dabei zwischenmenschliche Beziehungen. \u00dcbertreibt er, wird er pedantisch und Kreativit\u00e4t und Gef\u00fchle werden als bedrohlich empfunden.<\/p>\n<p>&nbsp;<\/p>\n<p>Die Edelstein Essenzen k\u00f6nnen als Pflegeprodukt f\u00fcr Gesicht und K\u00f6rper sowie als Massage\u00f6l eingesetzt werden; gut geeignet zum Auftragen\u00a0auf die Reflexzonen und Energiebahnen.<\/p>\n","protected":false},"excerpt":{"rendered":"<p>Konzentration 100 ml<\/p>\n","protected":false},"featured_media":166,"comment_status":"closed","ping_status":"closed","template":"","meta":[],"product_brand":[],"product_cat":[37,74],"product_tag":[157],"class_list":{"0":"post-163","1":"product","2":"type-product","3":"status-publish","4":"has-post-thumbnail","6":"product_cat-aromatherapie","7":"product_cat-edelsteinessenzen","8":"product_tag-erfrischend","10":"first","11":"instock","12":"taxable","13":"shipping-taxable","14":"purchasable","15":"product-type-simple"},"_links":{"self":[{"href":"https:\/\/www.pittini.at\/shop\/wp-json\/wp\/v2\/product\/163","targetHints":{"allow":["GET"]}}],"collection":[{"href":"https:\/\/www.pittini.at\/shop\/wp-json\/wp\/v2\/product"}],"about":[{"href":"https:\/\/www.pittini.at\/shop\/wp-json\/wp\/v2\/types\/product"}],"replies":[{"embeddable":true,"href":"https:\/\/www.pittini.at\/shop\/wp-json\/wp\/v2\/comments?post=163"}],"wp:featuredmedia":[{"embeddable":true,"href":"https:\/\/www.pittini.at\/shop\/wp-json\/wp\/v2\/media\/166"}],"wp:attachment":[{"href":"https:\/\/www.pittini.at\/shop\/wp-json\/wp\/v2\/media?parent=163"}],"wp:term":[{"taxonomy":"product_brand","embeddable":true,"href":"https:\/\/www.pittini.at\/shop\/wp-json\/wp\/v2\/product_brand?post=163"},{"taxonomy":"product_cat","embeddable":true,"href":"https:\/\/www.pittini.at\/shop\/wp-json\/wp\/v2\/product_cat?post=163"},{"taxonomy":"product_tag","embeddable":true,"href":"https:\/\/www.pittini.at\/shop\/wp-json\/wp\/v2\/product_tag?post=163"}],"curies":[{"name":"wp","href":"https:\/\/api.w.org\/{rel}","templated":true}]}}