{"id":168,"date":"2013-05-31T08:45:55","date_gmt":"2013-05-31T07:45:55","guid":{"rendered":"http:\/\/www.pittini.at\/shop\/?post_type=product&#038;p=168"},"modified":"2020-07-24T11:21:16","modified_gmt":"2020-07-24T09:21:16","slug":"edelsteinessenz-stressfrei","status":"publish","type":"product","link":"https:\/\/www.pittini.at\/shop\/produkt\/edelsteinessenz-stressfrei\/","title":{"rendered":"Edelsteinessenz Stressfrei"},"content":{"rendered":"<p>Edelstein: Turmalin<\/p>\n<p>\u00c4therische \u00d6le: Orange bio, Mandarine bio, Sandelholz, Weihrauch, u.a.<\/p>\n<p>Dem Turmalin werden entspannende und beruhigende Eigenschaften zugesprochen. Er vermag festgefahrene Denkmuster zu l\u00f6sen, emotionale Schwankungen auszugleichen und das Bewusstsein zu erweitern.<\/p>\n<p>Die \u00c4therischen \u00d6le werden seit Jahrhunderten wegen ihrer beruhigenden und entspannenden Wirkung gesch\u00e4tzt und unterst\u00fctzen Sie, ein stressfreieres Leben zu f\u00fchren.<\/p>\n<p>Seit alten Zeiten soll der Turmalin das Eigentum sichern und Wohlstand bringen.<\/p>\n","protected":false},"excerpt":{"rendered":"<p>Stress-Frei 100 ml<\/p>\n","protected":false},"featured_media":169,"comment_status":"closed","ping_status":"closed","template":"","meta":[],"product_brand":[],"product_cat":[37,74],"product_tag":[152,77],"class_list":{"0":"post-168","1":"product","2":"type-product","3":"status-publish","4":"has-post-thumbnail","6":"product_cat-aromatherapie","7":"product_cat-edelsteinessenzen","8":"product_tag-entspannend","9":"product_tag-stressfrei","11":"first","12":"instock","13":"taxable","14":"shipping-taxable","15":"purchasable","16":"product-type-simple"},"_links":{"self":[{"href":"https:\/\/www.pittini.at\/shop\/wp-json\/wp\/v2\/product\/168","targetHints":{"allow":["GET"]}}],"collection":[{"href":"https:\/\/www.pittini.at\/shop\/wp-json\/wp\/v2\/product"}],"about":[{"href":"https:\/\/www.pittini.at\/shop\/wp-json\/wp\/v2\/types\/product"}],"replies":[{"embeddable":true,"href":"https:\/\/www.pittini.at\/shop\/wp-json\/wp\/v2\/comments?post=168"}],"wp:featuredmedia":[{"embeddable":true,"href":"https:\/\/www.pittini.at\/shop\/wp-json\/wp\/v2\/media\/169"}],"wp:attachment":[{"href":"https:\/\/www.pittini.at\/shop\/wp-json\/wp\/v2\/media?parent=168"}],"wp:term":[{"taxonomy":"product_brand","embeddable":true,"href":"https:\/\/www.pittini.at\/shop\/wp-json\/wp\/v2\/product_brand?post=168"},{"taxonomy":"product_cat","embeddable":true,"href":"https:\/\/www.pittini.at\/shop\/wp-json\/wp\/v2\/product_cat?post=168"},{"taxonomy":"product_tag","embeddable":true,"href":"https:\/\/www.pittini.at\/shop\/wp-json\/wp\/v2\/product_tag?post=168"}],"curies":[{"name":"wp","href":"https:\/\/api.w.org\/{rel}","templated":true}]}}