{"id":1686,"date":"2014-07-03T16:02:11","date_gmt":"2014-07-03T15:02:11","guid":{"rendered":"http:\/\/www.pittini.at\/shop\/?post_type=product&#038;p=1686"},"modified":"2022-12-22T11:20:58","modified_gmt":"2022-12-22T10:20:58","slug":"tachyonisierte-mikro-disk-fur-funktelefone-3-er","status":"publish","type":"product","link":"https:\/\/www.pittini.at\/shop\/produkt\/tachyonisierte-mikro-disk-fur-funktelefone-3-er\/","title":{"rendered":"Tachyonisierte Mikro Disk f\u00fcr Funktelefone"},"content":{"rendered":"<p align=\"justify\"><span style=\"color: #000080; font-size: small;\">Viele Menschen verbringen unz\u00e4hlige Stunden mit einem Funktelefon ans Ohr gepresst. Diese Telefone strahlen gesundheitssch\u00e4dliche elektro-magnetische Felder aus und diese Felder st\u00f6ren die Subtilen Organisierten Energiefelder (SOEF) in unserem K\u00f6rper und verursachen Unausgeglichenheit. Es gab viele Studien die angezeigt haben, dass der Gebrauch von Ger\u00e4ten die sch\u00e4dliche EMF ausstrahlen, ernstzunehmende Beschwerden und Erkrankungen hervorrufen k\u00f6nnen. <\/span><\/p>\n<p align=\"justify\"><span style=\"font-size: small;\"><span style=\"color: #000080;\"><strong><span style=\"text-decoration: underline;\">WIRKUNG:<\/span><\/strong><br \/>\nDie Tachyonisierten\u2122\u00a0Telefon\u00a0Mico Disks\u00a0transformieren effektiv die st\u00f6renden Wellenmuster von elektro-magnetischen Feldern und gew\u00e4hrleisten Ihren Schutz.<\/span><\/span><\/p>\n<p><span style=\"font-size: small;\"><span style=\"color: #000080;\"><strong><span style=\"text-decoration: underline;\">ANWENDUNG:<\/span><\/strong><br \/>\nSie k\u00f6nnen die Tachyonisierten\u00a0Telefon\u00a0Micro Disks\u00a0an jedem Telefon benutzen einschlie\u00dflich Funktelefone, schnurlose oder normale Haustelefone. Sie k\u00f6nnen auch gro\u00dfartig an kleineren elektronischen Ger\u00e4ten, wie Game Boy, IPod, CD Spieler und handgehaltene Palms verwendet werden.<br \/>\n<\/span><\/span><\/p>\n","protected":false},"excerpt":{"rendered":"<p>Tachyonisierte Mikro Disk<\/p>\n<p>1 St\u00fcck<\/p>\n<p>DM: ca 2,4 cm<\/p>\n","protected":false},"featured_media":1688,"comment_status":"closed","ping_status":"closed","template":"","meta":[],"product_brand":[],"product_cat":[42],"product_tag":[183],"class_list":{"0":"post-1686","1":"product","2":"type-product","3":"status-publish","4":"has-post-thumbnail","6":"product_cat-tachyonen","7":"product_tag-schutz","9":"first","10":"instock","11":"taxable","12":"shipping-taxable","13":"purchasable","14":"product-type-simple"},"_links":{"self":[{"href":"https:\/\/www.pittini.at\/shop\/wp-json\/wp\/v2\/product\/1686","targetHints":{"allow":["GET"]}}],"collection":[{"href":"https:\/\/www.pittini.at\/shop\/wp-json\/wp\/v2\/product"}],"about":[{"href":"https:\/\/www.pittini.at\/shop\/wp-json\/wp\/v2\/types\/product"}],"replies":[{"embeddable":true,"href":"https:\/\/www.pittini.at\/shop\/wp-json\/wp\/v2\/comments?post=1686"}],"wp:featuredmedia":[{"embeddable":true,"href":"https:\/\/www.pittini.at\/shop\/wp-json\/wp\/v2\/media\/1688"}],"wp:attachment":[{"href":"https:\/\/www.pittini.at\/shop\/wp-json\/wp\/v2\/media?parent=1686"}],"wp:term":[{"taxonomy":"product_brand","embeddable":true,"href":"https:\/\/www.pittini.at\/shop\/wp-json\/wp\/v2\/product_brand?post=1686"},{"taxonomy":"product_cat","embeddable":true,"href":"https:\/\/www.pittini.at\/shop\/wp-json\/wp\/v2\/product_cat?post=1686"},{"taxonomy":"product_tag","embeddable":true,"href":"https:\/\/www.pittini.at\/shop\/wp-json\/wp\/v2\/product_tag?post=1686"}],"curies":[{"name":"wp","href":"https:\/\/api.w.org\/{rel}","templated":true}]}}