{"id":1786,"date":"2015-01-12T10:29:35","date_gmt":"2015-01-12T09:29:35","guid":{"rendered":"http:\/\/www.pittini.at\/shop\/?post_type=product&#038;p=1786"},"modified":"2022-07-05T11:47:06","modified_gmt":"2022-07-05T09:47:06","slug":"neupol-lackpflege","status":"publish","type":"product","link":"https:\/\/www.pittini.at\/shop\/produkt\/neupol-lackpflege\/","title":{"rendered":"Neupol Lackpflege"},"content":{"rendered":"<p>Spezialpolitur f\u00fcr lackierte M\u00f6bel. Klebereste von Abziehbildern und hartn\u00e4ckige Verschmutzungen werden m\u00fchelos damit entfernt.<br \/>\nFl\u00fcssige Reinigungsemulsion f\u00fcr Kunststoffe und Lackierungen.\u00a0\u00a0\u00a0\u00a0\u00a0\u00a0\u00a0\u00a0\u00a0\u00a0\u00a0\u00a0\u00a0\u00a0\u00a0\u00a0\u00a0\u00a0\u00a0\u00a0\u00a0 Reinigt porentief, gl\u00e4nzt und konserviert.<\/p>\n<p>Weiches Tuch mit Neupol klar anfeuchten und den gew\u00fcnschten Gegenstand gut damit abreiben. Behandelte Gegenst\u00e4nde k\u00f6nnen dann mit den jeweilig passenden Pflegemitteln nachbehandelt werden.<\/p>\n<p>Sicherheitshinweis<br \/>\nNicht in die H\u00e4nde von Kinder gelangen lassen.<\/p>\n","protected":false},"excerpt":{"rendered":"<p>Neupol Lackpflege<\/p>\n<p>500 ml<\/p>\n","protected":false},"featured_media":1815,"comment_status":"closed","ping_status":"closed","template":"","meta":[],"product_brand":[],"product_cat":[55,342,343,393],"product_tag":[344,345,114],"class_list":{"0":"post-1786","1":"product","2":"type-product","3":"status-publish","4":"has-post-thumbnail","6":"product_cat-feng-shui-moebel","7":"product_cat-mobelpflege","8":"product_cat-neupol","9":"product_cat-regema","10":"product_tag-glanzend","11":"product_tag-konservierend","12":"product_tag-reinigend","14":"first","15":"instock","16":"featured","17":"taxable","18":"shipping-taxable","19":"purchasable","20":"product-type-simple"},"_links":{"self":[{"href":"https:\/\/www.pittini.at\/shop\/wp-json\/wp\/v2\/product\/1786","targetHints":{"allow":["GET"]}}],"collection":[{"href":"https:\/\/www.pittini.at\/shop\/wp-json\/wp\/v2\/product"}],"about":[{"href":"https:\/\/www.pittini.at\/shop\/wp-json\/wp\/v2\/types\/product"}],"replies":[{"embeddable":true,"href":"https:\/\/www.pittini.at\/shop\/wp-json\/wp\/v2\/comments?post=1786"}],"wp:featuredmedia":[{"embeddable":true,"href":"https:\/\/www.pittini.at\/shop\/wp-json\/wp\/v2\/media\/1815"}],"wp:attachment":[{"href":"https:\/\/www.pittini.at\/shop\/wp-json\/wp\/v2\/media?parent=1786"}],"wp:term":[{"taxonomy":"product_brand","embeddable":true,"href":"https:\/\/www.pittini.at\/shop\/wp-json\/wp\/v2\/product_brand?post=1786"},{"taxonomy":"product_cat","embeddable":true,"href":"https:\/\/www.pittini.at\/shop\/wp-json\/wp\/v2\/product_cat?post=1786"},{"taxonomy":"product_tag","embeddable":true,"href":"https:\/\/www.pittini.at\/shop\/wp-json\/wp\/v2\/product_tag?post=1786"}],"curies":[{"name":"wp","href":"https:\/\/api.w.org\/{rel}","templated":true}]}}