{"id":2114,"date":"2018-11-02T10:34:09","date_gmt":"2018-11-02T09:34:09","guid":{"rendered":"https:\/\/www.pittini.at\/shop\/?post_type=product&#038;p=2114"},"modified":"2022-07-05T11:54:40","modified_gmt":"2022-07-05T09:54:40","slug":"neupol-polsterreinigung","status":"publish","type":"product","link":"https:\/\/www.pittini.at\/shop\/produkt\/neupol-polsterreinigung\/","title":{"rendered":"NEUPOL Polsterreinigung"},"content":{"rendered":"<p>NEUPOL Polsterreinigung ist f\u00fcr alle Reinigungsarbeiten mit Wasser, wie Teppiche, Polster, Mikrofaser, Alcantara und Kunstleder. Mit dem Regema Handboy und dem Regema Polsterreiniger reinigen Sie Teppiche und s\u00e4mtliche Polsterm\u00f6bel m\u00fchelos sauber, ohne R\u00e4nder und erreichen bei allen Reinigungsarbeiten eine Tiefenwirkung.<\/p>\n<p><strong>\u00a0Anwendung<\/strong>: 1 Teil Polsterreiniger und bis zu 19 Teilen Wasser. Handboy sch\u00fctteln, dass ein m\u00f6glich trockener Schaum entsteht, welcher durch kreisenden Bewegungen verteilt wird. Shampoo austrocknen lassen und R\u00fcckst\u00e4nde mittels Staubsauger entfernen. F\u00fcr nicht sachgem\u00e4\u00dfe Anwendung wird keine Haftung \u00fcbernommen.<\/p>\n","protected":false},"excerpt":{"rendered":"<p>NEUPOL Polsterreinigung<\/p>\n<p>500 ml<\/p>\n<p>Handboy &#8211; B\u00fcrste<\/p>\n","protected":false},"featured_media":2122,"comment_status":"closed","ping_status":"closed","template":"","meta":[],"product_brand":[],"product_cat":[55,342,343],"product_tag":[370,371],"class_list":{"0":"post-2114","1":"product","2":"type-product","3":"status-publish","4":"has-post-thumbnail","6":"product_cat-feng-shui-moebel","7":"product_cat-mobelpflege","8":"product_cat-neupol","9":"product_tag-reinigung","10":"product_tag-tiefenwirkung","12":"first","13":"instock","14":"featured","15":"taxable","16":"shipping-taxable","17":"purchasable","18":"product-type-simple"},"_links":{"self":[{"href":"https:\/\/www.pittini.at\/shop\/wp-json\/wp\/v2\/product\/2114","targetHints":{"allow":["GET"]}}],"collection":[{"href":"https:\/\/www.pittini.at\/shop\/wp-json\/wp\/v2\/product"}],"about":[{"href":"https:\/\/www.pittini.at\/shop\/wp-json\/wp\/v2\/types\/product"}],"replies":[{"embeddable":true,"href":"https:\/\/www.pittini.at\/shop\/wp-json\/wp\/v2\/comments?post=2114"}],"wp:featuredmedia":[{"embeddable":true,"href":"https:\/\/www.pittini.at\/shop\/wp-json\/wp\/v2\/media\/2122"}],"wp:attachment":[{"href":"https:\/\/www.pittini.at\/shop\/wp-json\/wp\/v2\/media?parent=2114"}],"wp:term":[{"taxonomy":"product_brand","embeddable":true,"href":"https:\/\/www.pittini.at\/shop\/wp-json\/wp\/v2\/product_brand?post=2114"},{"taxonomy":"product_cat","embeddable":true,"href":"https:\/\/www.pittini.at\/shop\/wp-json\/wp\/v2\/product_cat?post=2114"},{"taxonomy":"product_tag","embeddable":true,"href":"https:\/\/www.pittini.at\/shop\/wp-json\/wp\/v2\/product_tag?post=2114"}],"curies":[{"name":"wp","href":"https:\/\/api.w.org\/{rel}","templated":true}]}}