{"id":2115,"date":"2018-11-02T11:47:26","date_gmt":"2018-11-02T10:47:26","guid":{"rendered":"https:\/\/www.pittini.at\/shop\/?post_type=product&#038;p=2115"},"modified":"2020-12-18T12:08:31","modified_gmt":"2020-12-18T11:08:31","slug":"industrie-forte","status":"publish","type":"product","link":"https:\/\/www.pittini.at\/shop\/produkt\/industrie-forte\/","title":{"rendered":"INDUSTRIE FORTE"},"content":{"rendered":"<p>Regema Industrie Forte ist ein kraftvolles, demulgierendes Reingungskonzentrat zur Entfernung von hartn\u00e4ckigsten Verschmutzungen wie Schmierstoffreste, Harze, Verkokungen, Bearbeitungs\u00f6le, Ru\u00df etc. Reinigungs- und Wartungsarbeiten des Maschinenfuhrparks, zur LKW und PKW Au\u00dfenreinigung (Felgen, Motorraum, Unterboden usw.), f\u00fcr Traktoren, Werkzeuge, Kunststoffe, \u00d6labscheider usw.<\/p>\n<p><strong>Anwendung<\/strong>: Fl\u00e4che einspr\u00fchen, einige Sekunden einwirken lassen, dann mit Wasser absp\u00fclen. Unverd\u00fcnnt bei starker Verschmutzung oder verd\u00fcnnt bis 1:100. Im Hochdruckreiniger 1-5%ig einsetzen. Bei Aluminium vorher Reinigungsprobe an nicht sichtbarer Stelle machen.<\/p>\n<p><strong>Achtung<\/strong>: nicht f\u00fcr unbeschichtetes Aluminium und hochglanzlackierte Oberfl\u00e4chen geeignet! F\u00fcr nicht sachgem\u00e4\u00dfe Anwendung wird keine Haftung \u00fcbernommen.<\/p>\n","protected":false},"excerpt":{"rendered":"<p>REGEMA INDUSTRIE FORTE<\/p>\n<p>1000 ml<\/p>\n","protected":false},"featured_media":0,"comment_status":"closed","ping_status":"closed","template":"","meta":[],"product_brand":[],"product_cat":[343,393],"product_tag":[372,373,374],"class_list":{"0":"post-2115","1":"product","2":"type-product","3":"status-publish","5":"product_cat-neupol","6":"product_cat-regema","7":"product_tag-lkw","8":"product_tag-pkw","9":"product_tag-starke-reinigung","11":"first","12":"instock","13":"taxable","14":"shipping-taxable","15":"purchasable","16":"product-type-simple"},"_links":{"self":[{"href":"https:\/\/www.pittini.at\/shop\/wp-json\/wp\/v2\/product\/2115","targetHints":{"allow":["GET"]}}],"collection":[{"href":"https:\/\/www.pittini.at\/shop\/wp-json\/wp\/v2\/product"}],"about":[{"href":"https:\/\/www.pittini.at\/shop\/wp-json\/wp\/v2\/types\/product"}],"replies":[{"embeddable":true,"href":"https:\/\/www.pittini.at\/shop\/wp-json\/wp\/v2\/comments?post=2115"}],"wp:attachment":[{"href":"https:\/\/www.pittini.at\/shop\/wp-json\/wp\/v2\/media?parent=2115"}],"wp:term":[{"taxonomy":"product_brand","embeddable":true,"href":"https:\/\/www.pittini.at\/shop\/wp-json\/wp\/v2\/product_brand?post=2115"},{"taxonomy":"product_cat","embeddable":true,"href":"https:\/\/www.pittini.at\/shop\/wp-json\/wp\/v2\/product_cat?post=2115"},{"taxonomy":"product_tag","embeddable":true,"href":"https:\/\/www.pittini.at\/shop\/wp-json\/wp\/v2\/product_tag?post=2115"}],"curies":[{"name":"wp","href":"https:\/\/api.w.org\/{rel}","templated":true}]}}