{"id":2153,"date":"2019-02-25T09:58:28","date_gmt":"2019-02-25T08:58:28","guid":{"rendered":"https:\/\/www.pittini.at\/shop\/?post_type=product&#038;p=2153"},"modified":"2019-07-25T09:22:40","modified_gmt":"2019-07-25T07:22:40","slug":"zirbenduft-spender","status":"publish","type":"product","link":"https:\/\/www.pittini.at\/shop\/produkt\/zirbenduft-spender\/","title":{"rendered":"Zirbenduft-Spender"},"content":{"rendered":"<p>Idealer Nat\u00fcrlicher Duft-Spender f\u00fcr Schlafzimmer, Kinderzimmer, Wohnzimmer.<\/p>\n<p>In die \u00d6ffnung einfach Zirbensp\u00e4ne hineinf\u00fcllen und 2-3 Tropfen Zirben\u00f6l dazugeben. Nat\u00fcrlicher Duft verbreitet sich im ganzen Raum. inkl. Zirbensp\u00e4ne zum bef\u00fcllen.<br \/>\nMa\u00dfe ca. 16CX9CM<\/p>\n<p>Auch erh\u00e4ltlich im Set (Zirben\u00f6l)<\/p>\n<p>&nbsp;<\/p>\n<p><em>Der aromatische Duft des Zirbenholzes:<\/em><\/p>\n<p>&nbsp;<\/p>\n<p><a href=\"https:\/\/www.pittini.at\/shop\/wp-content\/uploads\/2019\/02\/MAN0310-1.jpg\"><img loading=\"lazy\" decoding=\"async\" width=\"300\" height=\"200\" class=\"alignnone size-medium wp-image-2160\" src=\"https:\/\/www.pittini.at\/shop\/wp-content\/uploads\/2019\/02\/MAN0310-1-300x200.jpg\" alt=\"\" srcset=\"https:\/\/www.pittini.at\/shop\/wp-content\/uploads\/2019\/02\/MAN0310-1-300x200.jpg 300w, https:\/\/www.pittini.at\/shop\/wp-content\/uploads\/2019\/02\/MAN0310-1-768x511.jpg 768w, https:\/\/www.pittini.at\/shop\/wp-content\/uploads\/2019\/02\/MAN0310-1-1024x682.jpg 1024w, https:\/\/www.pittini.at\/shop\/wp-content\/uploads\/2019\/02\/MAN0310-1-100x67.jpg 100w\" sizes=\"auto, (max-width: 300px) 100vw, 300px\" \/><\/a><\/p>\n<p><span style=\"display: inline !important; float: none; background-color: transparent; color: #333333; font-family: Georgia,'Times New Roman','Bitstream Charter',Times,serif; font-size: 16px; font-style: normal; font-variant: normal; font-weight: 400; letter-spacing: normal; line-height: 24px; orphans: 2; text-align: left; text-decoration: none; text-indent: 0px; text-transform: none; -webkit-text-stroke-width: 0px; white-space: normal; word-spacing: 0px; word-wrap: break-word;\">Das Produkt kann vom Bild leicht abweichen, da Holz ein Naturprodukt ist und jedes St\u00fcck in liebevoller Handarbeit angefertigt wird.<\/span><\/p>\n","protected":false},"excerpt":{"rendered":"<p>Idealer Nat\u00fcrlicher Duft-Spender f\u00fcr Schlafzimmer, Kinderzimmer, Wohnzimmer. In die \u00d6ffnung einfach Zirbensp\u00e4ne hineinf\u00fcllen und 2-3 Tropfen Zirben\u00f6l dazugeben. Nat\u00fcrlicher Duft verbreitet sich im ganzen Raum. <\/p>\n<p><a href=\"https:\/\/www.pittini.at\/shop\/produkt\/zirbenduft-spender\/\" class=\"button2\">Weiterlesen &raquo;<\/a><\/p>\n","protected":false},"featured_media":2150,"comment_status":"closed","ping_status":"closed","template":"","meta":[],"product_brand":[],"product_cat":[379],"product_tag":[380],"class_list":{"0":"post-2153","1":"product","2":"type-product","3":"status-publish","4":"has-post-thumbnail","6":"product_cat-zirbe","7":"product_tag-zirbe","9":"first","10":"instock","11":"taxable","12":"shipping-taxable","13":"purchasable","14":"product-type-simple"},"_links":{"self":[{"href":"https:\/\/www.pittini.at\/shop\/wp-json\/wp\/v2\/product\/2153","targetHints":{"allow":["GET"]}}],"collection":[{"href":"https:\/\/www.pittini.at\/shop\/wp-json\/wp\/v2\/product"}],"about":[{"href":"https:\/\/www.pittini.at\/shop\/wp-json\/wp\/v2\/types\/product"}],"replies":[{"embeddable":true,"href":"https:\/\/www.pittini.at\/shop\/wp-json\/wp\/v2\/comments?post=2153"}],"wp:featuredmedia":[{"embeddable":true,"href":"https:\/\/www.pittini.at\/shop\/wp-json\/wp\/v2\/media\/2150"}],"wp:attachment":[{"href":"https:\/\/www.pittini.at\/shop\/wp-json\/wp\/v2\/media?parent=2153"}],"wp:term":[{"taxonomy":"product_brand","embeddable":true,"href":"https:\/\/www.pittini.at\/shop\/wp-json\/wp\/v2\/product_brand?post=2153"},{"taxonomy":"product_cat","embeddable":true,"href":"https:\/\/www.pittini.at\/shop\/wp-json\/wp\/v2\/product_cat?post=2153"},{"taxonomy":"product_tag","embeddable":true,"href":"https:\/\/www.pittini.at\/shop\/wp-json\/wp\/v2\/product_tag?post=2153"}],"curies":[{"name":"wp","href":"https:\/\/api.w.org\/{rel}","templated":true}]}}