{"id":2155,"date":"2019-02-25T10:12:56","date_gmt":"2019-02-25T09:12:56","guid":{"rendered":"https:\/\/www.pittini.at\/shop\/?post_type=product&#038;p=2155"},"modified":"2019-07-25T09:20:52","modified_gmt":"2019-07-25T07:20:52","slug":"elegante-schmuck-und-samrtphonegarage-aus-zirbenholz","status":"publish","type":"product","link":"https:\/\/www.pittini.at\/shop\/produkt\/elegante-schmuck-und-samrtphonegarage-aus-zirbenholz\/","title":{"rendered":"Elegante Schmuck und Samrtphonegarage aus Zirbenholz"},"content":{"rendered":"<p>Eine elegante und ordentliche Aufbewahrungsm\u00f6glichkeit f\u00fcr den t\u00e4glichen Schmuck und das Smartphone in Verbindung mit dem nat\u00fcrlichen Charm eines handgefertigten Zirbenholzproduktes aus der hauseigenen Tischlerei.<\/p>\n<p>Ma\u00dfe: ca. L.ca.36cm<br \/>\n&nbsp;<\/p>\n<p><em>Der aromatische Duft des Zirbenholzes:<\/em><\/p>\n<p>&nbsp;<\/p>\n<p>Das Produkt kann vom Bild leicht abweichen, da Holz ein Naturprodukt ist und jedes St\u00fcck in liebevoller Handarbeit angefertigt wird.<\/p>\n","protected":false},"excerpt":{"rendered":"<p>Eine elegante und ordentliche Aufbewahrungsm\u00f6glichkeit f\u00fcr den t\u00e4glichen Schmuck und das Smartphone in Verbindung mit dem nat\u00fcrlichen Charm eines handgefertigten Zirbenholzproduktes aus der hauseigenen Tischlerei. <\/p>\n<p><a href=\"https:\/\/www.pittini.at\/shop\/produkt\/elegante-schmuck-und-samrtphonegarage-aus-zirbenholz\/\" class=\"button2\">Weiterlesen &raquo;<\/a><\/p>\n","protected":false},"featured_media":2156,"comment_status":"closed","ping_status":"closed","template":"","meta":[],"product_brand":[],"product_cat":[379],"product_tag":[380],"class_list":{"0":"post-2155","1":"product","2":"type-product","3":"status-publish","4":"has-post-thumbnail","6":"product_cat-zirbe","7":"product_tag-zirbe","9":"first","10":"instock","11":"taxable","12":"shipping-taxable","13":"purchasable","14":"product-type-simple"},"_links":{"self":[{"href":"https:\/\/www.pittini.at\/shop\/wp-json\/wp\/v2\/product\/2155","targetHints":{"allow":["GET"]}}],"collection":[{"href":"https:\/\/www.pittini.at\/shop\/wp-json\/wp\/v2\/product"}],"about":[{"href":"https:\/\/www.pittini.at\/shop\/wp-json\/wp\/v2\/types\/product"}],"replies":[{"embeddable":true,"href":"https:\/\/www.pittini.at\/shop\/wp-json\/wp\/v2\/comments?post=2155"}],"wp:featuredmedia":[{"embeddable":true,"href":"https:\/\/www.pittini.at\/shop\/wp-json\/wp\/v2\/media\/2156"}],"wp:attachment":[{"href":"https:\/\/www.pittini.at\/shop\/wp-json\/wp\/v2\/media?parent=2155"}],"wp:term":[{"taxonomy":"product_brand","embeddable":true,"href":"https:\/\/www.pittini.at\/shop\/wp-json\/wp\/v2\/product_brand?post=2155"},{"taxonomy":"product_cat","embeddable":true,"href":"https:\/\/www.pittini.at\/shop\/wp-json\/wp\/v2\/product_cat?post=2155"},{"taxonomy":"product_tag","embeddable":true,"href":"https:\/\/www.pittini.at\/shop\/wp-json\/wp\/v2\/product_tag?post=2155"}],"curies":[{"name":"wp","href":"https:\/\/api.w.org\/{rel}","templated":true}]}}