{"id":2161,"date":"2019-02-25T10:10:16","date_gmt":"2019-02-25T09:10:16","guid":{"rendered":"https:\/\/www.pittini.at\/shop\/?post_type=product&#038;p=2161"},"modified":"2019-07-25T09:22:02","modified_gmt":"2019-07-25T07:22:02","slug":"zirbenduft-saeule","status":"publish","type":"product","link":"https:\/\/www.pittini.at\/shop\/produkt\/zirbenduft-saeule\/","title":{"rendered":"Zirbenduft-S\u00e4ule"},"content":{"rendered":"<p>Diese elegante Zirbenduft-S\u00e4ule ist in liebevoller Handarbeit gefertigt und dient nicht nur als dekoratives Schmuckst\u00fcck sondern kann mit Zirbensp\u00e4nen und sechs bis zehn Zirbentropfen bef\u00fcllt werden. Die Anzahl der Zirbentropfen richtet sich nat\u00fcrlich nach dem gew\u00fcnschten Intensit\u00e4tsgrad des Duftes. Diese Kombination erf\u00fcllt ihr zu Hause mit dem wohltuenden Duft der Zirbe aus dem Zirbenland in der Steiermark.   inkl. Zirbensp\u00e4ne<br \/>\nMa\u00dfe: ca. h:27cm b:14cm<br \/>\n&nbsp;<\/p>\n<p><em>Der aromatische Duft des Zirbenholzes:<\/em><\/p>\n<p>Das Produkt kann vom Bild leicht abweichen, da Holz ein Naturprodukt ist und jedes St\u00fcck in liebevoller Handarbeit angefertigt wird.<\/p>\n","protected":false},"excerpt":{"rendered":"<p>Diese elegante Zirbenduft-S\u00e4ule ist in liebevoller Handarbeit gefertigt und dient nicht nur als dekoratives Schmuckst\u00fcck sondern kann mit Zirbensp\u00e4nen und sechs bis zehn Zirbentropfen bef\u00fcllt <\/p>\n<p><a href=\"https:\/\/www.pittini.at\/shop\/produkt\/zirbenduft-saeule\/\" class=\"button2\">Weiterlesen &raquo;<\/a><\/p>\n","protected":false},"featured_media":2172,"comment_status":"closed","ping_status":"closed","template":"","meta":[],"product_brand":[],"product_cat":[379],"product_tag":[380],"class_list":{"0":"post-2161","1":"product","2":"type-product","3":"status-publish","4":"has-post-thumbnail","6":"product_cat-zirbe","7":"product_tag-zirbe","9":"first","10":"instock","11":"taxable","12":"shipping-taxable","13":"purchasable","14":"product-type-simple"},"_links":{"self":[{"href":"https:\/\/www.pittini.at\/shop\/wp-json\/wp\/v2\/product\/2161","targetHints":{"allow":["GET"]}}],"collection":[{"href":"https:\/\/www.pittini.at\/shop\/wp-json\/wp\/v2\/product"}],"about":[{"href":"https:\/\/www.pittini.at\/shop\/wp-json\/wp\/v2\/types\/product"}],"replies":[{"embeddable":true,"href":"https:\/\/www.pittini.at\/shop\/wp-json\/wp\/v2\/comments?post=2161"}],"wp:featuredmedia":[{"embeddable":true,"href":"https:\/\/www.pittini.at\/shop\/wp-json\/wp\/v2\/media\/2172"}],"wp:attachment":[{"href":"https:\/\/www.pittini.at\/shop\/wp-json\/wp\/v2\/media?parent=2161"}],"wp:term":[{"taxonomy":"product_brand","embeddable":true,"href":"https:\/\/www.pittini.at\/shop\/wp-json\/wp\/v2\/product_brand?post=2161"},{"taxonomy":"product_cat","embeddable":true,"href":"https:\/\/www.pittini.at\/shop\/wp-json\/wp\/v2\/product_cat?post=2161"},{"taxonomy":"product_tag","embeddable":true,"href":"https:\/\/www.pittini.at\/shop\/wp-json\/wp\/v2\/product_tag?post=2161"}],"curies":[{"name":"wp","href":"https:\/\/api.w.org\/{rel}","templated":true}]}}