{"id":2174,"date":"2019-02-26T21:00:07","date_gmt":"2019-02-26T20:00:07","guid":{"rendered":"https:\/\/www.pittini.at\/shop\/?post_type=product&#038;p=2174"},"modified":"2019-07-25T09:19:43","modified_gmt":"2019-07-25T07:19:43","slug":"zirben-duft-herz-gross","status":"publish","type":"product","link":"https:\/\/www.pittini.at\/shop\/produkt\/zirben-duft-herz-gross\/","title":{"rendered":"Zirben-Duft Herz gro\u00df"},"content":{"rendered":"<p>Zirben-Duft Herzen gro\u00df<\/p>\n<p>&nbsp;<\/p>\n<p>Die Zirbenherzen sind Dekorationselemente mit Funktion. Es gibt drei Hauptfunktionen.<\/p>\n<p>&nbsp;<\/p>\n<p>1. Dekoration f\u00fcr die Obstsch\u00fcssel gegen Fruchtm\u00fccken<br \/>\nDer nat\u00fcrliche Zirbenduft der Herzen h\u00e4lt l\u00e4stige Fruchtm\u00fccken fern und ist ein optischer Aufputz um das Obst der Familie noch schmackhafter zu machen.<\/p>\n<p>&nbsp;<\/p>\n<p>2. Dekoration mit Zirbenduft<br \/>\nDie Zirbenherzen k\u00f6nnen auf der R\u00fcckseite mit ein bis zwei Tropfen Zirben\u00f6l betropft werden um als nat\u00fclicher Duftspender zu fungieren.<br \/>\nTipp: Auf ein Taschentuch legen um \u00d6lflecken zu vermeiden.<\/p>\n<p>&nbsp;<\/p>\n<p>3. Dekoration<\/p>\n<p>&nbsp;<\/p>\n<p>Ma\u00dfe. ca. b:8cmx9cm<\/p>\n<p>&nbsp;<\/p>\n<p><em>Der aromatische Duft des Zirbenholzes:<\/em><\/p>\n<p>Das Produkt kann vom Bild leicht abweichen, da Holz ein Naturprodukt ist und jedes St\u00fcck in liebevoller Handarbeit angefertigt wird.<\/p>\n","protected":false},"excerpt":{"rendered":"<p>Ma\u00dfe. ca. b:8cmx9cm<\/p>\n","protected":false},"featured_media":2175,"comment_status":"closed","ping_status":"closed","template":"","meta":[],"product_brand":[],"product_cat":[379],"product_tag":[380],"class_list":{"0":"post-2174","1":"product","2":"type-product","3":"status-publish","4":"has-post-thumbnail","6":"product_cat-zirbe","7":"product_tag-zirbe","9":"first","10":"instock","11":"taxable","12":"shipping-taxable","13":"purchasable","14":"product-type-simple"},"_links":{"self":[{"href":"https:\/\/www.pittini.at\/shop\/wp-json\/wp\/v2\/product\/2174","targetHints":{"allow":["GET"]}}],"collection":[{"href":"https:\/\/www.pittini.at\/shop\/wp-json\/wp\/v2\/product"}],"about":[{"href":"https:\/\/www.pittini.at\/shop\/wp-json\/wp\/v2\/types\/product"}],"replies":[{"embeddable":true,"href":"https:\/\/www.pittini.at\/shop\/wp-json\/wp\/v2\/comments?post=2174"}],"wp:featuredmedia":[{"embeddable":true,"href":"https:\/\/www.pittini.at\/shop\/wp-json\/wp\/v2\/media\/2175"}],"wp:attachment":[{"href":"https:\/\/www.pittini.at\/shop\/wp-json\/wp\/v2\/media?parent=2174"}],"wp:term":[{"taxonomy":"product_brand","embeddable":true,"href":"https:\/\/www.pittini.at\/shop\/wp-json\/wp\/v2\/product_brand?post=2174"},{"taxonomy":"product_cat","embeddable":true,"href":"https:\/\/www.pittini.at\/shop\/wp-json\/wp\/v2\/product_cat?post=2174"},{"taxonomy":"product_tag","embeddable":true,"href":"https:\/\/www.pittini.at\/shop\/wp-json\/wp\/v2\/product_tag?post=2174"}],"curies":[{"name":"wp","href":"https:\/\/api.w.org\/{rel}","templated":true}]}}