{"id":2181,"date":"2019-02-26T21:20:32","date_gmt":"2019-02-26T20:20:32","guid":{"rendered":"https:\/\/www.pittini.at\/shop\/?post_type=product&#038;p=2181"},"modified":"2019-07-25T09:17:11","modified_gmt":"2019-07-25T07:17:11","slug":"zirbenhalter-mit-herz-fuer-teelicht-und-vase-inlk-glasroehrchen-vase","status":"publish","type":"product","link":"https:\/\/www.pittini.at\/shop\/produkt\/zirbenhalter-mit-herz-fuer-teelicht-und-vase-inlk-glasroehrchen-vase\/","title":{"rendered":"Zirbenhalter mit Herz f\u00fcr Teelicht und Vase inlk. Glasr\u00f6hrchen Vase"},"content":{"rendered":"<p>Zirbendekorationselement mit Herzausschnitt inkl. Glasr\u00f6hrchen als Vase (Vase und Teelichthalter)<\/p>\n<p>&nbsp;<\/p>\n<p>Ma\u00dfe ca. l:28cm b:18cm<\/p>\n<p>&nbsp;<\/p>\n<p><em>Der aromatische Duft des Zirbenholzes:<\/em><\/p>\n<p>&nbsp;<\/p>\n<p>Das Produkt kann vom Bild leicht abweichen, da Holz ein Naturprodukt ist und jedes St\u00fcck in liebevoller Handarbeit angefertigt wird.<\/p>\n","protected":false},"excerpt":{"rendered":"<p>Zirbendekorationselement mit Herzausschnitt inkl. Glasr\u00f6hrchen als Vase (Vase und Teelichthalter) &nbsp; Ma\u00dfe ca. l:28cm b:18cm &nbsp; Der aromatische Duft des Zirbenholzes: &nbsp; Das Produkt kann <\/p>\n<p><a href=\"https:\/\/www.pittini.at\/shop\/produkt\/zirbenhalter-mit-herz-fuer-teelicht-und-vase-inlk-glasroehrchen-vase\/\" class=\"button2\">Weiterlesen &raquo;<\/a><\/p>\n","protected":false},"featured_media":2182,"comment_status":"closed","ping_status":"closed","template":"","meta":[],"product_brand":[],"product_cat":[379],"product_tag":[380],"class_list":{"0":"post-2181","1":"product","2":"type-product","3":"status-publish","4":"has-post-thumbnail","6":"product_cat-zirbe","7":"product_tag-zirbe","9":"first","10":"instock","11":"taxable","12":"shipping-taxable","13":"purchasable","14":"product-type-simple"},"_links":{"self":[{"href":"https:\/\/www.pittini.at\/shop\/wp-json\/wp\/v2\/product\/2181","targetHints":{"allow":["GET"]}}],"collection":[{"href":"https:\/\/www.pittini.at\/shop\/wp-json\/wp\/v2\/product"}],"about":[{"href":"https:\/\/www.pittini.at\/shop\/wp-json\/wp\/v2\/types\/product"}],"replies":[{"embeddable":true,"href":"https:\/\/www.pittini.at\/shop\/wp-json\/wp\/v2\/comments?post=2181"}],"wp:featuredmedia":[{"embeddable":true,"href":"https:\/\/www.pittini.at\/shop\/wp-json\/wp\/v2\/media\/2182"}],"wp:attachment":[{"href":"https:\/\/www.pittini.at\/shop\/wp-json\/wp\/v2\/media?parent=2181"}],"wp:term":[{"taxonomy":"product_brand","embeddable":true,"href":"https:\/\/www.pittini.at\/shop\/wp-json\/wp\/v2\/product_brand?post=2181"},{"taxonomy":"product_cat","embeddable":true,"href":"https:\/\/www.pittini.at\/shop\/wp-json\/wp\/v2\/product_cat?post=2181"},{"taxonomy":"product_tag","embeddable":true,"href":"https:\/\/www.pittini.at\/shop\/wp-json\/wp\/v2\/product_tag?post=2181"}],"curies":[{"name":"wp","href":"https:\/\/api.w.org\/{rel}","templated":true}]}}