{"id":2237,"date":"2019-03-19T09:47:12","date_gmt":"2019-03-19T08:47:12","guid":{"rendered":"https:\/\/www.pittini.at\/shop\/?post_type=product&#038;p=2237"},"modified":"2019-07-25T09:10:19","modified_gmt":"2019-07-25T07:10:19","slug":"zirbenkissen-3","status":"publish","type":"product","link":"https:\/\/www.pittini.at\/shop\/produkt\/zirbenkissen-3\/","title":{"rendered":"Zirbenkissen"},"content":{"rendered":"<p>Um  den Duft l\u00e4nger zu haben, empfehlen wir das Kissen \u00f6fters an die Frische Luft zu legen.<br \/>\nDas Kissen ist f\u00fcr Jung und Alt, 100% Nat\u00fcrlich.<\/p>\n<p>Ma\u00dfe:45x45cm<\/p>\n","protected":false},"excerpt":{"rendered":"<p>Um den Duft l\u00e4nger zu haben, empfehlen wir das Kissen \u00f6fters an die Frische Luft zu legen. Das Kissen ist f\u00fcr Jung und Alt, 100% <\/p>\n<p><a href=\"https:\/\/www.pittini.at\/shop\/produkt\/zirbenkissen-3\/\" class=\"button2\">Weiterlesen &raquo;<\/a><\/p>\n","protected":false},"featured_media":2238,"comment_status":"closed","ping_status":"closed","template":"","meta":[],"product_brand":[],"product_cat":[379],"product_tag":[389],"class_list":{"0":"post-2237","1":"product","2":"type-product","3":"status-publish","4":"has-post-thumbnail","6":"product_cat-zirbe","7":"product_tag-kissen","9":"first","10":"instock","11":"taxable","12":"shipping-taxable","13":"purchasable","14":"product-type-simple"},"_links":{"self":[{"href":"https:\/\/www.pittini.at\/shop\/wp-json\/wp\/v2\/product\/2237","targetHints":{"allow":["GET"]}}],"collection":[{"href":"https:\/\/www.pittini.at\/shop\/wp-json\/wp\/v2\/product"}],"about":[{"href":"https:\/\/www.pittini.at\/shop\/wp-json\/wp\/v2\/types\/product"}],"replies":[{"embeddable":true,"href":"https:\/\/www.pittini.at\/shop\/wp-json\/wp\/v2\/comments?post=2237"}],"wp:featuredmedia":[{"embeddable":true,"href":"https:\/\/www.pittini.at\/shop\/wp-json\/wp\/v2\/media\/2238"}],"wp:attachment":[{"href":"https:\/\/www.pittini.at\/shop\/wp-json\/wp\/v2\/media?parent=2237"}],"wp:term":[{"taxonomy":"product_brand","embeddable":true,"href":"https:\/\/www.pittini.at\/shop\/wp-json\/wp\/v2\/product_brand?post=2237"},{"taxonomy":"product_cat","embeddable":true,"href":"https:\/\/www.pittini.at\/shop\/wp-json\/wp\/v2\/product_cat?post=2237"},{"taxonomy":"product_tag","embeddable":true,"href":"https:\/\/www.pittini.at\/shop\/wp-json\/wp\/v2\/product_tag?post=2237"}],"curies":[{"name":"wp","href":"https:\/\/api.w.org\/{rel}","templated":true}]}}