{"id":312,"date":"2013-06-01T08:59:32","date_gmt":"2013-06-01T07:59:32","guid":{"rendered":"http:\/\/www.pittini.at\/shop\/?post_type=product&#038;p=312"},"modified":"2023-10-23T11:26:12","modified_gmt":"2023-10-23T09:26:12","slug":"edelstein-spray-energie-plus-100-ml","status":"publish","type":"product","link":"https:\/\/www.pittini.at\/shop\/produkt\/edelstein-spray-energie-plus-100-ml\/","title":{"rendered":"Edelstein Spray: ENERGIE PLUS"},"content":{"rendered":"<p>Ein nat\u00fcrlicher Edelstein Spray der hilft mit der Kraft der \u00c4therischen \u00d6le und der Edelsteine Spannungen zu l\u00f6sen und neue Energie zu schaffen.<\/p>\n<p>\u00c4therische \u00d6le: Zimt, Wacholder, Thymian, Rosmarin, u.a.<\/p>\n","protected":false},"excerpt":{"rendered":"<p>Energie Plus<\/p>\n<p>100 ml<\/p>\n","protected":false},"featured_media":313,"comment_status":"closed","ping_status":"closed","template":"","meta":[],"product_brand":[],"product_cat":[37,27],"product_tag":[127],"class_list":{"0":"post-312","1":"product","2":"type-product","3":"status-publish","4":"has-post-thumbnail","6":"product_cat-aromatherapie","7":"product_cat-raumsprays","8":"product_tag-spannungen-losen","10":"first","11":"instock","12":"taxable","13":"shipping-taxable","14":"purchasable","15":"product-type-simple"},"_links":{"self":[{"href":"https:\/\/www.pittini.at\/shop\/wp-json\/wp\/v2\/product\/312","targetHints":{"allow":["GET"]}}],"collection":[{"href":"https:\/\/www.pittini.at\/shop\/wp-json\/wp\/v2\/product"}],"about":[{"href":"https:\/\/www.pittini.at\/shop\/wp-json\/wp\/v2\/types\/product"}],"replies":[{"embeddable":true,"href":"https:\/\/www.pittini.at\/shop\/wp-json\/wp\/v2\/comments?post=312"}],"wp:featuredmedia":[{"embeddable":true,"href":"https:\/\/www.pittini.at\/shop\/wp-json\/wp\/v2\/media\/313"}],"wp:attachment":[{"href":"https:\/\/www.pittini.at\/shop\/wp-json\/wp\/v2\/media?parent=312"}],"wp:term":[{"taxonomy":"product_brand","embeddable":true,"href":"https:\/\/www.pittini.at\/shop\/wp-json\/wp\/v2\/product_brand?post=312"},{"taxonomy":"product_cat","embeddable":true,"href":"https:\/\/www.pittini.at\/shop\/wp-json\/wp\/v2\/product_cat?post=312"},{"taxonomy":"product_tag","embeddable":true,"href":"https:\/\/www.pittini.at\/shop\/wp-json\/wp\/v2\/product_tag?post=312"}],"curies":[{"name":"wp","href":"https:\/\/api.w.org\/{rel}","templated":true}]}}