{"id":318,"date":"2013-06-01T09:12:48","date_gmt":"2013-06-01T08:12:48","guid":{"rendered":"http:\/\/www.pittini.at\/shop\/?post_type=product&#038;p=318"},"modified":"2020-04-09T11:28:49","modified_gmt":"2020-04-09T09:28:49","slug":"edelstein-essenzen-erde-harmonie-100ml","status":"publish","type":"product","link":"https:\/\/www.pittini.at\/shop\/produkt\/edelstein-essenzen-erde-harmonie-100ml\/","title":{"rendered":"Edelstein Spray: Erde Harmonie"},"content":{"rendered":"<h2><\/h2>\n<p>Ein nat\u00fcrlicher Edelstein Spray der hilft mit der Kraft der \u00c4therischen \u00d6le und der Edelsteine Ballast abzuwerfen.<\/p>\n<p>\u00c4therische \u00d6le: Ylang bio, Patchouli bio, Geranium, Muskatellersalbei u.a.<\/p>\n","protected":false},"excerpt":{"rendered":"<p>Harmonie Spray<\/p>\n<p>100 ml<\/p>\n","protected":false},"featured_media":330,"comment_status":"closed","ping_status":"closed","template":"","meta":[],"product_brand":[],"product_cat":[37,27],"product_tag":[126],"class_list":{"0":"post-318","1":"product","2":"type-product","3":"status-publish","4":"has-post-thumbnail","6":"product_cat-aromatherapie","7":"product_cat-raumsprays","8":"product_tag-harmonisierend","10":"first","11":"instock","12":"taxable","13":"shipping-taxable","14":"purchasable","15":"product-type-simple"},"_links":{"self":[{"href":"https:\/\/www.pittini.at\/shop\/wp-json\/wp\/v2\/product\/318","targetHints":{"allow":["GET"]}}],"collection":[{"href":"https:\/\/www.pittini.at\/shop\/wp-json\/wp\/v2\/product"}],"about":[{"href":"https:\/\/www.pittini.at\/shop\/wp-json\/wp\/v2\/types\/product"}],"replies":[{"embeddable":true,"href":"https:\/\/www.pittini.at\/shop\/wp-json\/wp\/v2\/comments?post=318"}],"wp:featuredmedia":[{"embeddable":true,"href":"https:\/\/www.pittini.at\/shop\/wp-json\/wp\/v2\/media\/330"}],"wp:attachment":[{"href":"https:\/\/www.pittini.at\/shop\/wp-json\/wp\/v2\/media?parent=318"}],"wp:term":[{"taxonomy":"product_brand","embeddable":true,"href":"https:\/\/www.pittini.at\/shop\/wp-json\/wp\/v2\/product_brand?post=318"},{"taxonomy":"product_cat","embeddable":true,"href":"https:\/\/www.pittini.at\/shop\/wp-json\/wp\/v2\/product_cat?post=318"},{"taxonomy":"product_tag","embeddable":true,"href":"https:\/\/www.pittini.at\/shop\/wp-json\/wp\/v2\/product_tag?post=318"}],"curies":[{"name":"wp","href":"https:\/\/api.w.org\/{rel}","templated":true}]}}