{"id":320,"date":"2013-06-01T09:37:15","date_gmt":"2013-06-01T08:37:15","guid":{"rendered":"http:\/\/www.pittini.at\/shop\/?post_type=product&#038;p=320"},"modified":"2020-04-09T11:28:35","modified_gmt":"2020-04-09T09:28:35","slug":"edelstein-spray-metall-konzentration-100-ml","status":"publish","type":"product","link":"https:\/\/www.pittini.at\/shop\/produkt\/edelstein-spray-metall-konzentration-100-ml\/","title":{"rendered":"Edelstein Spray: Metall Konzentration"},"content":{"rendered":"<p>&nbsp;<\/p>\n<p>Ein nat\u00fcrlicher Raumspray der Dank der Kraft der \u00c4therischen \u00d6len und Edelsteinen hilft tief durchzuatmen.<\/p>\n<p>\u00c4therische \u00d6le: Eukalyptus bio, Thymian, Fichte, Anis, Pfefferminze bio u.a.<\/p>\n","protected":false},"excerpt":{"rendered":"<p>Konzentration Spray<\/p>\n<p>100 ml<\/p>\n","protected":false},"featured_media":326,"comment_status":"closed","ping_status":"closed","template":"","meta":[],"product_brand":[],"product_cat":[37,27],"product_tag":[96],"class_list":{"0":"post-320","1":"product","2":"type-product","3":"status-publish","4":"has-post-thumbnail","6":"product_cat-aromatherapie","7":"product_cat-raumsprays","8":"product_tag-konzentration","10":"first","11":"instock","12":"taxable","13":"shipping-taxable","14":"purchasable","15":"product-type-simple"},"_links":{"self":[{"href":"https:\/\/www.pittini.at\/shop\/wp-json\/wp\/v2\/product\/320","targetHints":{"allow":["GET"]}}],"collection":[{"href":"https:\/\/www.pittini.at\/shop\/wp-json\/wp\/v2\/product"}],"about":[{"href":"https:\/\/www.pittini.at\/shop\/wp-json\/wp\/v2\/types\/product"}],"replies":[{"embeddable":true,"href":"https:\/\/www.pittini.at\/shop\/wp-json\/wp\/v2\/comments?post=320"}],"wp:featuredmedia":[{"embeddable":true,"href":"https:\/\/www.pittini.at\/shop\/wp-json\/wp\/v2\/media\/326"}],"wp:attachment":[{"href":"https:\/\/www.pittini.at\/shop\/wp-json\/wp\/v2\/media?parent=320"}],"wp:term":[{"taxonomy":"product_brand","embeddable":true,"href":"https:\/\/www.pittini.at\/shop\/wp-json\/wp\/v2\/product_brand?post=320"},{"taxonomy":"product_cat","embeddable":true,"href":"https:\/\/www.pittini.at\/shop\/wp-json\/wp\/v2\/product_cat?post=320"},{"taxonomy":"product_tag","embeddable":true,"href":"https:\/\/www.pittini.at\/shop\/wp-json\/wp\/v2\/product_tag?post=320"}],"curies":[{"name":"wp","href":"https:\/\/api.w.org\/{rel}","templated":true}]}}