{"id":368,"date":"2013-06-04T09:07:56","date_gmt":"2013-06-04T08:07:56","guid":{"rendered":"http:\/\/www.pittini.at\/shop\/?post_type=product&#038;p=368"},"modified":"2020-07-24T10:38:27","modified_gmt":"2020-07-24T08:38:27","slug":"acht-krauter-10ml","status":"publish","type":"product","link":"https:\/\/www.pittini.at\/shop\/produkt\/acht-krauter-10ml\/","title":{"rendered":"Acht Kr\u00e4uter"},"content":{"rendered":"<p>Eine Kr\u00e4utermischung nach Chinesischer Tradition; mit kr\u00e4ftigenden Eigenschaften; gegen Viren und Bakterien; gut bei Muskelverspannungen oder Schmerzen.<\/p>\n<p>Mit der Kraft 100% reiner \u00e4therischer \u00d6le von Wintergr\u00fcn, Pfefferminze, Eukalyptus, Kampfer, Rosmarin, Majoran, Ingwer und Angelika<\/p>\n","protected":false},"excerpt":{"rendered":"<p>Acht Kr\u00e4uter<\/p>\n<p>Inhalt: 10 ml<\/p>\n","protected":false},"featured_media":369,"comment_status":"closed","ping_status":"closed","template":"","meta":[],"product_brand":[],"product_cat":[37,119],"product_tag":[137,310],"class_list":{"0":"post-368","1":"product","2":"type-product","3":"status-publish","4":"has-post-thumbnail","6":"product_cat-aromatherapie","7":"product_cat-atherische-olmischungen","8":"product_tag-muskelverspannung","9":"product_tag-verkuhlung","11":"first","12":"instock","13":"taxable","14":"shipping-taxable","15":"purchasable","16":"product-type-simple"},"_links":{"self":[{"href":"https:\/\/www.pittini.at\/shop\/wp-json\/wp\/v2\/product\/368","targetHints":{"allow":["GET"]}}],"collection":[{"href":"https:\/\/www.pittini.at\/shop\/wp-json\/wp\/v2\/product"}],"about":[{"href":"https:\/\/www.pittini.at\/shop\/wp-json\/wp\/v2\/types\/product"}],"replies":[{"embeddable":true,"href":"https:\/\/www.pittini.at\/shop\/wp-json\/wp\/v2\/comments?post=368"}],"wp:featuredmedia":[{"embeddable":true,"href":"https:\/\/www.pittini.at\/shop\/wp-json\/wp\/v2\/media\/369"}],"wp:attachment":[{"href":"https:\/\/www.pittini.at\/shop\/wp-json\/wp\/v2\/media?parent=368"}],"wp:term":[{"taxonomy":"product_brand","embeddable":true,"href":"https:\/\/www.pittini.at\/shop\/wp-json\/wp\/v2\/product_brand?post=368"},{"taxonomy":"product_cat","embeddable":true,"href":"https:\/\/www.pittini.at\/shop\/wp-json\/wp\/v2\/product_cat?post=368"},{"taxonomy":"product_tag","embeddable":true,"href":"https:\/\/www.pittini.at\/shop\/wp-json\/wp\/v2\/product_tag?post=368"}],"curies":[{"name":"wp","href":"https:\/\/api.w.org\/{rel}","templated":true}]}}