{"id":370,"date":"2013-06-04T09:24:14","date_gmt":"2013-06-04T08:24:14","guid":{"rendered":"http:\/\/www.pittini.at\/shop\/?post_type=product&#038;p=370"},"modified":"2020-07-24T10:46:17","modified_gmt":"2020-07-24T08:46:17","slug":"babygluck-10ml","status":"publish","type":"product","link":"https:\/\/www.pittini.at\/shop\/produkt\/babygluck-10ml\/","title":{"rendered":"Babygl\u00fcck"},"content":{"rendered":"<p>Eine entz\u00fcckende, sanft beruhigende Mischung f\u00fcr werdende M\u00fctter, besorgte V\u00e4ter und nat\u00fcrlich f\u00fcr das neugeborene Baby.<\/p>\n<p>Mit der Kraft 100% reiner \u00e4therischer \u00d6le von Kamille, Lavendel, Mandarine u.a.<\/p>\n","protected":false},"excerpt":{"rendered":"<h2>Babygl\u00fcck<\/h2>\n<p>Inhalt: 10 ml<\/p>\n","protected":false},"featured_media":372,"comment_status":"closed","ping_status":"closed","template":"","meta":[],"product_brand":[],"product_cat":[37,119],"product_tag":[138,140,139],"class_list":{"0":"post-370","1":"product","2":"type-product","3":"status-publish","4":"has-post-thumbnail","6":"product_cat-aromatherapie","7":"product_cat-atherische-olmischungen","8":"product_tag-baby","9":"product_tag-mutter","10":"product_tag-vater","12":"first","13":"instock","14":"taxable","15":"shipping-taxable","16":"purchasable","17":"product-type-simple"},"_links":{"self":[{"href":"https:\/\/www.pittini.at\/shop\/wp-json\/wp\/v2\/product\/370","targetHints":{"allow":["GET"]}}],"collection":[{"href":"https:\/\/www.pittini.at\/shop\/wp-json\/wp\/v2\/product"}],"about":[{"href":"https:\/\/www.pittini.at\/shop\/wp-json\/wp\/v2\/types\/product"}],"replies":[{"embeddable":true,"href":"https:\/\/www.pittini.at\/shop\/wp-json\/wp\/v2\/comments?post=370"}],"wp:featuredmedia":[{"embeddable":true,"href":"https:\/\/www.pittini.at\/shop\/wp-json\/wp\/v2\/media\/372"}],"wp:attachment":[{"href":"https:\/\/www.pittini.at\/shop\/wp-json\/wp\/v2\/media?parent=370"}],"wp:term":[{"taxonomy":"product_brand","embeddable":true,"href":"https:\/\/www.pittini.at\/shop\/wp-json\/wp\/v2\/product_brand?post=370"},{"taxonomy":"product_cat","embeddable":true,"href":"https:\/\/www.pittini.at\/shop\/wp-json\/wp\/v2\/product_cat?post=370"},{"taxonomy":"product_tag","embeddable":true,"href":"https:\/\/www.pittini.at\/shop\/wp-json\/wp\/v2\/product_tag?post=370"}],"curies":[{"name":"wp","href":"https:\/\/api.w.org\/{rel}","templated":true}]}}