{"id":390,"date":"2013-06-04T11:10:51","date_gmt":"2013-06-04T10:10:51","guid":{"rendered":"http:\/\/www.pittini.at\/shop\/?post_type=product&#038;p=390"},"modified":"2017-04-11T11:29:18","modified_gmt":"2017-04-11T09:29:18","slug":"romantische-nachte-10ml","status":"publish","type":"product","link":"https:\/\/www.pittini.at\/shop\/produkt\/romantische-nachte-10ml\/","title":{"rendered":"Romantische N\u00e4chte"},"content":{"rendered":"<p>Eine verf\u00fchrerische Mischung mit nat\u00fcrlichen aphrodisierenden Eigenschaften f\u00fcr einen sinnlichen Abend zu zweit.<br \/>\nMit der Kraft 100% reiner \u00e4therischer \u00d6le von Ylang Ylang, Jasmin, Muskatellersalbei u.a.<\/p>\n","protected":false},"excerpt":{"rendered":"<p>Romantische N\u00e4chte<\/p>\n<p>Inhalt: 10 ml<\/p>\n","protected":false},"featured_media":391,"comment_status":"closed","ping_status":"closed","template":"","meta":[],"product_brand":[],"product_cat":[37,119],"product_tag":[115,154,153],"class_list":{"0":"post-390","1":"product","2":"type-product","3":"status-publish","4":"has-post-thumbnail","6":"product_cat-aromatherapie","7":"product_cat-atherische-olmischungen","8":"product_tag-aphrodisierend","9":"product_tag-gefuhle","10":"product_tag-sinnlich","12":"first","13":"instock","14":"taxable","15":"shipping-taxable","16":"purchasable","17":"product-type-simple"},"_links":{"self":[{"href":"https:\/\/www.pittini.at\/shop\/wp-json\/wp\/v2\/product\/390","targetHints":{"allow":["GET"]}}],"collection":[{"href":"https:\/\/www.pittini.at\/shop\/wp-json\/wp\/v2\/product"}],"about":[{"href":"https:\/\/www.pittini.at\/shop\/wp-json\/wp\/v2\/types\/product"}],"replies":[{"embeddable":true,"href":"https:\/\/www.pittini.at\/shop\/wp-json\/wp\/v2\/comments?post=390"}],"wp:featuredmedia":[{"embeddable":true,"href":"https:\/\/www.pittini.at\/shop\/wp-json\/wp\/v2\/media\/391"}],"wp:attachment":[{"href":"https:\/\/www.pittini.at\/shop\/wp-json\/wp\/v2\/media?parent=390"}],"wp:term":[{"taxonomy":"product_brand","embeddable":true,"href":"https:\/\/www.pittini.at\/shop\/wp-json\/wp\/v2\/product_brand?post=390"},{"taxonomy":"product_cat","embeddable":true,"href":"https:\/\/www.pittini.at\/shop\/wp-json\/wp\/v2\/product_cat?post=390"},{"taxonomy":"product_tag","embeddable":true,"href":"https:\/\/www.pittini.at\/shop\/wp-json\/wp\/v2\/product_tag?post=390"}],"curies":[{"name":"wp","href":"https:\/\/api.w.org\/{rel}","templated":true}]}}