{"id":396,"date":"2013-06-05T09:25:53","date_gmt":"2013-06-05T08:25:53","guid":{"rendered":"http:\/\/www.pittini.at\/shop\/?post_type=product&#038;p=396"},"modified":"2017-04-11T11:41:15","modified_gmt":"2017-04-11T09:41:15","slug":"stressfrei-10ml","status":"publish","type":"product","link":"https:\/\/www.pittini.at\/shop\/produkt\/stressfrei-10ml\/","title":{"rendered":"Stressfrei"},"content":{"rendered":"<p>Belebende und gleichzeitig beruhigende \u00c4therische \u00d6le entspannen den K\u00f6rper und erfrischen den Geist in hektischen Zeiten.<\/p>\n<p>&nbsp;<\/p>\n","protected":false},"excerpt":{"rendered":"<p>Stressfrei<\/p>\n<p>Inhalt: 10 ml<\/p>\n","protected":false},"featured_media":397,"comment_status":"closed","ping_status":"closed","template":"","meta":[],"product_brand":[],"product_cat":[37,119],"product_tag":[143,141],"class_list":{"0":"post-396","1":"product","2":"type-product","3":"status-publish","4":"has-post-thumbnail","6":"product_cat-aromatherapie","7":"product_cat-atherische-olmischungen","8":"product_tag-entspannung","9":"product_tag-frisch","11":"first","12":"instock","13":"taxable","14":"shipping-taxable","15":"purchasable","16":"product-type-simple"},"_links":{"self":[{"href":"https:\/\/www.pittini.at\/shop\/wp-json\/wp\/v2\/product\/396","targetHints":{"allow":["GET"]}}],"collection":[{"href":"https:\/\/www.pittini.at\/shop\/wp-json\/wp\/v2\/product"}],"about":[{"href":"https:\/\/www.pittini.at\/shop\/wp-json\/wp\/v2\/types\/product"}],"replies":[{"embeddable":true,"href":"https:\/\/www.pittini.at\/shop\/wp-json\/wp\/v2\/comments?post=396"}],"wp:featuredmedia":[{"embeddable":true,"href":"https:\/\/www.pittini.at\/shop\/wp-json\/wp\/v2\/media\/397"}],"wp:attachment":[{"href":"https:\/\/www.pittini.at\/shop\/wp-json\/wp\/v2\/media?parent=396"}],"wp:term":[{"taxonomy":"product_brand","embeddable":true,"href":"https:\/\/www.pittini.at\/shop\/wp-json\/wp\/v2\/product_brand?post=396"},{"taxonomy":"product_cat","embeddable":true,"href":"https:\/\/www.pittini.at\/shop\/wp-json\/wp\/v2\/product_cat?post=396"},{"taxonomy":"product_tag","embeddable":true,"href":"https:\/\/www.pittini.at\/shop\/wp-json\/wp\/v2\/product_tag?post=396"}],"curies":[{"name":"wp","href":"https:\/\/api.w.org\/{rel}","templated":true}]}}