{"id":406,"date":"2013-06-05T09:46:23","date_gmt":"2013-06-05T08:46:23","guid":{"rendered":"http:\/\/www.pittini.at\/shop\/?post_type=product&#038;p=406"},"modified":"2023-10-23T12:04:09","modified_gmt":"2023-10-23T10:04:09","slug":"freier-atem-10ml","status":"publish","type":"product","link":"https:\/\/www.pittini.at\/shop\/produkt\/freier-atem-10ml\/","title":{"rendered":"Freier Atem"},"content":{"rendered":"<p>Ich atme tief ein. Frische Luft str\u00f6mt in die Lunge. Die eukalyptusartig duftende, starke Mischung l\u00e4sst mich wieder frei atmen. Fichte entspannt die Bronchien, Eukalyptus f\u00f6rdert Auswurf. Nach TCM st\u00e4rkt sie das Abwehr-Qi und den Shen.<\/p>\n","protected":false},"excerpt":{"rendered":"<p>Freier Atem<\/p>\n<p>Inhalt: 10 ml<\/p>\n","protected":false},"featured_media":2529,"comment_status":"closed","ping_status":"closed","template":"","meta":[],"product_brand":[],"product_cat":[37,119],"product_tag":[157,158],"class_list":{"0":"post-406","1":"product","2":"type-product","3":"status-publish","4":"has-post-thumbnail","6":"product_cat-aromatherapie","7":"product_cat-atherische-olmischungen","8":"product_tag-erfrischend","9":"product_tag-husten","11":"first","12":"instock","13":"taxable","14":"shipping-taxable","15":"purchasable","16":"product-type-simple"},"_links":{"self":[{"href":"https:\/\/www.pittini.at\/shop\/wp-json\/wp\/v2\/product\/406","targetHints":{"allow":["GET"]}}],"collection":[{"href":"https:\/\/www.pittini.at\/shop\/wp-json\/wp\/v2\/product"}],"about":[{"href":"https:\/\/www.pittini.at\/shop\/wp-json\/wp\/v2\/types\/product"}],"replies":[{"embeddable":true,"href":"https:\/\/www.pittini.at\/shop\/wp-json\/wp\/v2\/comments?post=406"}],"wp:featuredmedia":[{"embeddable":true,"href":"https:\/\/www.pittini.at\/shop\/wp-json\/wp\/v2\/media\/2529"}],"wp:attachment":[{"href":"https:\/\/www.pittini.at\/shop\/wp-json\/wp\/v2\/media?parent=406"}],"wp:term":[{"taxonomy":"product_brand","embeddable":true,"href":"https:\/\/www.pittini.at\/shop\/wp-json\/wp\/v2\/product_brand?post=406"},{"taxonomy":"product_cat","embeddable":true,"href":"https:\/\/www.pittini.at\/shop\/wp-json\/wp\/v2\/product_cat?post=406"},{"taxonomy":"product_tag","embeddable":true,"href":"https:\/\/www.pittini.at\/shop\/wp-json\/wp\/v2\/product_tag?post=406"}],"curies":[{"name":"wp","href":"https:\/\/api.w.org\/{rel}","templated":true}]}}