{"id":410,"date":"2013-06-05T10:04:10","date_gmt":"2013-06-05T09:04:10","guid":{"rendered":"http:\/\/www.pittini.at\/shop\/?post_type=product&#038;p=410"},"modified":"2024-04-25T11:41:24","modified_gmt":"2024-04-25T09:41:24","slug":"fus-creme-200ml","status":"publish","type":"product","link":"https:\/\/www.pittini.at\/shop\/produkt\/fus-creme-200ml\/","title":{"rendered":"Fu\u00df Creme 200ml"},"content":{"rendered":"<p>Die zart duftende, intensiv pflegende Creme macht raue, rissige Haut weich und geschmeidig. Mit Mineralien vom Toten Meer, Aloe Vera und \u00c4therischem Lavendel\u00f6l wirkt sie vorbeugend gegen Fu\u00dfgeruch und rissige Haut. Die Creme zieht rasch ein. Aloe Vera f\u00f6rdert einen regulierten Feuchtigkeitshaushalt der Haut. Es bewahrt vor Dehydration. Lavendel\u00f6l bes\u00e4nftigt und wirkt ausgleichend auf K\u00f6rper und Geist. Die leicht r\u00fcckfettende Creme hinterl\u00e4sst ein weiches Gef\u00fchl auf dem Fu\u00df. Massiere die Creme regelm\u00e4\u00dfig oder bei Bedarf gut in die Haut.<\/p>\n","protected":false},"excerpt":{"rendered":"<p>200 ml<\/p>\n","protected":false},"featured_media":2558,"comment_status":"closed","ping_status":"closed","template":"","meta":[],"product_brand":[],"product_cat":[29],"product_tag":[316],"class_list":{"0":"post-410","1":"product","2":"type-product","3":"status-publish","4":"has-post-thumbnail","6":"product_cat-cremen","7":"product_tag-trockene-rissige-fuse","9":"first","10":"instock","11":"taxable","12":"shipping-taxable","13":"purchasable","14":"product-type-simple"},"_links":{"self":[{"href":"https:\/\/www.pittini.at\/shop\/wp-json\/wp\/v2\/product\/410","targetHints":{"allow":["GET"]}}],"collection":[{"href":"https:\/\/www.pittini.at\/shop\/wp-json\/wp\/v2\/product"}],"about":[{"href":"https:\/\/www.pittini.at\/shop\/wp-json\/wp\/v2\/types\/product"}],"replies":[{"embeddable":true,"href":"https:\/\/www.pittini.at\/shop\/wp-json\/wp\/v2\/comments?post=410"}],"wp:featuredmedia":[{"embeddable":true,"href":"https:\/\/www.pittini.at\/shop\/wp-json\/wp\/v2\/media\/2558"}],"wp:attachment":[{"href":"https:\/\/www.pittini.at\/shop\/wp-json\/wp\/v2\/media?parent=410"}],"wp:term":[{"taxonomy":"product_brand","embeddable":true,"href":"https:\/\/www.pittini.at\/shop\/wp-json\/wp\/v2\/product_brand?post=410"},{"taxonomy":"product_cat","embeddable":true,"href":"https:\/\/www.pittini.at\/shop\/wp-json\/wp\/v2\/product_cat?post=410"},{"taxonomy":"product_tag","embeddable":true,"href":"https:\/\/www.pittini.at\/shop\/wp-json\/wp\/v2\/product_tag?post=410"}],"curies":[{"name":"wp","href":"https:\/\/api.w.org\/{rel}","templated":true}]}}