{"id":570,"date":"2013-06-19T09:26:21","date_gmt":"2013-06-19T08:26:21","guid":{"rendered":"http:\/\/www.pittini.at\/shop\/?post_type=product&#038;p=570"},"modified":"2016-11-02T12:01:43","modified_gmt":"2016-11-02T11:01:43","slug":"holy-smokes-raucherstabchen-lavendel","status":"publish","type":"product","link":"https:\/\/www.pittini.at\/shop\/produkt\/holy-smokes-raucherstabchen-lavendel\/","title":{"rendered":"Holy Smokes R\u00e4ucherst\u00e4bchen Lavendel"},"content":{"rendered":"<p>Schenkt Harmonie und Frieden. Lavendel ist jederzeit zu jedem Zweck zu genie\u00dfen.<\/p>\n","protected":false},"excerpt":{"rendered":"<p>Holy Smokes Lavendel<\/p>\n<p>Inhalt: 10 g<\/p>\n","protected":false},"featured_media":571,"comment_status":"closed","ping_status":"closed","template":"","meta":[],"product_brand":[],"product_cat":[200],"product_tag":[201,204],"class_list":{"0":"post-570","1":"product","2":"type-product","3":"status-publish","4":"has-post-thumbnail","6":"product_cat-raucherstabchen","7":"product_tag-rauchern","8":"product_tag-raumduft","10":"first","11":"instock","12":"taxable","13":"shipping-taxable","14":"purchasable","15":"product-type-simple"},"_links":{"self":[{"href":"https:\/\/www.pittini.at\/shop\/wp-json\/wp\/v2\/product\/570","targetHints":{"allow":["GET"]}}],"collection":[{"href":"https:\/\/www.pittini.at\/shop\/wp-json\/wp\/v2\/product"}],"about":[{"href":"https:\/\/www.pittini.at\/shop\/wp-json\/wp\/v2\/types\/product"}],"replies":[{"embeddable":true,"href":"https:\/\/www.pittini.at\/shop\/wp-json\/wp\/v2\/comments?post=570"}],"wp:featuredmedia":[{"embeddable":true,"href":"https:\/\/www.pittini.at\/shop\/wp-json\/wp\/v2\/media\/571"}],"wp:attachment":[{"href":"https:\/\/www.pittini.at\/shop\/wp-json\/wp\/v2\/media?parent=570"}],"wp:term":[{"taxonomy":"product_brand","embeddable":true,"href":"https:\/\/www.pittini.at\/shop\/wp-json\/wp\/v2\/product_brand?post=570"},{"taxonomy":"product_cat","embeddable":true,"href":"https:\/\/www.pittini.at\/shop\/wp-json\/wp\/v2\/product_cat?post=570"},{"taxonomy":"product_tag","embeddable":true,"href":"https:\/\/www.pittini.at\/shop\/wp-json\/wp\/v2\/product_tag?post=570"}],"curies":[{"name":"wp","href":"https:\/\/api.w.org\/{rel}","templated":true}]}}