{"id":578,"date":"2013-06-19T09:39:29","date_gmt":"2013-06-19T08:39:29","guid":{"rendered":"http:\/\/www.pittini.at\/shop\/?post_type=product&#038;p=578"},"modified":"2016-11-02T12:09:52","modified_gmt":"2016-11-02T11:09:52","slug":"holy-smokes-raucherstabchen-patchouli-garden","status":"publish","type":"product","link":"https:\/\/www.pittini.at\/shop\/produkt\/holy-smokes-raucherstabchen-patchouli-garden\/","title":{"rendered":"Holy Smokes R\u00e4ucherst\u00e4bchen Patchouli Garden"},"content":{"rendered":"<p>Ein leichter, dezenter Patchouli-Duft. Wie in einem verzauberten Bl\u00fctengarten.<\/p>\n","protected":false},"excerpt":{"rendered":"<p>Holy Smokes Patchouli Garden<\/p>\n<p>Inhalt: 10 g<\/p>\n","protected":false},"featured_media":579,"comment_status":"closed","ping_status":"closed","template":"","meta":[],"product_brand":[],"product_cat":[200],"product_tag":[201,204],"class_list":{"0":"post-578","1":"product","2":"type-product","3":"status-publish","4":"has-post-thumbnail","6":"product_cat-raucherstabchen","7":"product_tag-rauchern","8":"product_tag-raumduft","10":"first","11":"instock","12":"taxable","13":"shipping-taxable","14":"purchasable","15":"product-type-simple"},"_links":{"self":[{"href":"https:\/\/www.pittini.at\/shop\/wp-json\/wp\/v2\/product\/578","targetHints":{"allow":["GET"]}}],"collection":[{"href":"https:\/\/www.pittini.at\/shop\/wp-json\/wp\/v2\/product"}],"about":[{"href":"https:\/\/www.pittini.at\/shop\/wp-json\/wp\/v2\/types\/product"}],"replies":[{"embeddable":true,"href":"https:\/\/www.pittini.at\/shop\/wp-json\/wp\/v2\/comments?post=578"}],"wp:featuredmedia":[{"embeddable":true,"href":"https:\/\/www.pittini.at\/shop\/wp-json\/wp\/v2\/media\/579"}],"wp:attachment":[{"href":"https:\/\/www.pittini.at\/shop\/wp-json\/wp\/v2\/media?parent=578"}],"wp:term":[{"taxonomy":"product_brand","embeddable":true,"href":"https:\/\/www.pittini.at\/shop\/wp-json\/wp\/v2\/product_brand?post=578"},{"taxonomy":"product_cat","embeddable":true,"href":"https:\/\/www.pittini.at\/shop\/wp-json\/wp\/v2\/product_cat?post=578"},{"taxonomy":"product_tag","embeddable":true,"href":"https:\/\/www.pittini.at\/shop\/wp-json\/wp\/v2\/product_tag?post=578"}],"curies":[{"name":"wp","href":"https:\/\/api.w.org\/{rel}","templated":true}]}}