{"id":645,"date":"2013-06-20T10:47:31","date_gmt":"2013-06-20T09:47:31","guid":{"rendered":"http:\/\/www.pittini.at\/shop\/?post_type=product&#038;p=645"},"modified":"2020-05-15T11:03:20","modified_gmt":"2020-05-15T09:03:20","slug":"geldborsenspiegel","status":"publish","type":"product","link":"https:\/\/www.pittini.at\/shop\/produkt\/geldborsenspiegel\/","title":{"rendered":"Geldb\u00f6rsenspiegel"},"content":{"rendered":"<p>Geben Sie diesen Spiegel in Ihre Geldb\u00f6rse. &#8211; F\u00fclle, Reichtum<\/p>\n","protected":false},"excerpt":{"rendered":"<p>Geldb\u00f6rsenspiegel<\/p>\n<p>DM 2,5 cm<\/p>\n","protected":false},"featured_media":646,"comment_status":"closed","ping_status":"closed","template":"","meta":[],"product_brand":[],"product_cat":[178,53],"product_tag":[354],"class_list":{"0":"post-645","1":"product","2":"type-product","3":"status-publish","4":"has-post-thumbnail","6":"product_cat-feng-shui-artikel","7":"product_cat-spiegel","8":"product_tag-spiegel","10":"first","11":"instock","12":"taxable","13":"shipping-taxable","14":"purchasable","15":"product-type-simple"},"_links":{"self":[{"href":"https:\/\/www.pittini.at\/shop\/wp-json\/wp\/v2\/product\/645","targetHints":{"allow":["GET"]}}],"collection":[{"href":"https:\/\/www.pittini.at\/shop\/wp-json\/wp\/v2\/product"}],"about":[{"href":"https:\/\/www.pittini.at\/shop\/wp-json\/wp\/v2\/types\/product"}],"replies":[{"embeddable":true,"href":"https:\/\/www.pittini.at\/shop\/wp-json\/wp\/v2\/comments?post=645"}],"wp:featuredmedia":[{"embeddable":true,"href":"https:\/\/www.pittini.at\/shop\/wp-json\/wp\/v2\/media\/646"}],"wp:attachment":[{"href":"https:\/\/www.pittini.at\/shop\/wp-json\/wp\/v2\/media?parent=645"}],"wp:term":[{"taxonomy":"product_brand","embeddable":true,"href":"https:\/\/www.pittini.at\/shop\/wp-json\/wp\/v2\/product_brand?post=645"},{"taxonomy":"product_cat","embeddable":true,"href":"https:\/\/www.pittini.at\/shop\/wp-json\/wp\/v2\/product_cat?post=645"},{"taxonomy":"product_tag","embeddable":true,"href":"https:\/\/www.pittini.at\/shop\/wp-json\/wp\/v2\/product_tag?post=645"}],"curies":[{"name":"wp","href":"https:\/\/api.w.org\/{rel}","templated":true}]}}