{"id":668,"date":"2013-06-25T09:49:36","date_gmt":"2013-06-25T08:49:36","guid":{"rendered":"http:\/\/www.pittini.at\/shop\/?post_type=product&#038;p=668"},"modified":"2018-11-23T10:27:05","modified_gmt":"2018-11-23T09:27:05","slug":"snatam-kaur-release-overcome","status":"publish","type":"product","link":"https:\/\/www.pittini.at\/shop\/produkt\/snatam-kaur-release-overcome\/","title":{"rendered":"CD: Snatam Kaur &#8222;Release &#038; Overcome&#8220;"},"content":{"rendered":"<p>Zwei Meditationen mit Anleitung im Booklet, um Transformation entstehen zu lassen. Damit kann es dir gelingen, Herausforderungen in Gelegenheiten zu verwandeln sowie \u00c4ngste aufl\u00f6sen. Besonders f\u00fcr Yoga und Meditation!! Ein wahrhafter Schatz!<\/p>\n","protected":false},"excerpt":{"rendered":"<p>Snatam Kaur &#8211; Release &amp; Overcome<\/p>\n","protected":false},"featured_media":1538,"comment_status":"closed","ping_status":"closed","template":"","meta":[],"product_brand":[],"product_cat":[180],"product_tag":[143,160],"class_list":{"0":"post-668","1":"product","2":"type-product","3":"status-publish","4":"has-post-thumbnail","6":"product_cat-esoterik","7":"product_tag-entspannung","8":"product_tag-meditation","10":"first","11":"instock","12":"taxable","13":"shipping-taxable","14":"purchasable","15":"product-type-simple"},"_links":{"self":[{"href":"https:\/\/www.pittini.at\/shop\/wp-json\/wp\/v2\/product\/668","targetHints":{"allow":["GET"]}}],"collection":[{"href":"https:\/\/www.pittini.at\/shop\/wp-json\/wp\/v2\/product"}],"about":[{"href":"https:\/\/www.pittini.at\/shop\/wp-json\/wp\/v2\/types\/product"}],"replies":[{"embeddable":true,"href":"https:\/\/www.pittini.at\/shop\/wp-json\/wp\/v2\/comments?post=668"}],"wp:featuredmedia":[{"embeddable":true,"href":"https:\/\/www.pittini.at\/shop\/wp-json\/wp\/v2\/media\/1538"}],"wp:attachment":[{"href":"https:\/\/www.pittini.at\/shop\/wp-json\/wp\/v2\/media?parent=668"}],"wp:term":[{"taxonomy":"product_brand","embeddable":true,"href":"https:\/\/www.pittini.at\/shop\/wp-json\/wp\/v2\/product_brand?post=668"},{"taxonomy":"product_cat","embeddable":true,"href":"https:\/\/www.pittini.at\/shop\/wp-json\/wp\/v2\/product_cat?post=668"},{"taxonomy":"product_tag","embeddable":true,"href":"https:\/\/www.pittini.at\/shop\/wp-json\/wp\/v2\/product_tag?post=668"}],"curies":[{"name":"wp","href":"https:\/\/api.w.org\/{rel}","templated":true}]}}