{"id":732,"date":"2013-06-26T16:00:09","date_gmt":"2013-06-26T15:00:09","guid":{"rendered":"http:\/\/www.pittini.at\/shop\/?post_type=product&#038;p=732"},"modified":"2013-07-25T15:52:12","modified_gmt":"2013-07-25T14:52:12","slug":"neun-munzen","status":"publish","type":"product","link":"https:\/\/www.pittini.at\/shop\/produkt\/neun-munzen\/","title":{"rendered":"Neun M\u00fcnzen"},"content":{"rendered":"<p>Diese Gl\u00fccksm\u00fcnzen sind ein starkes Symbol.<\/p>\n<p>Die Zahl Neun dr\u00fcckt Vermehrung und Unendlichkeit aus. \u00dcber Nacht auf Vertr\u00e4ge und Bewerbungen gelegt, soll sich die erfolgsversprechende Energie auf diese Papiere \u00fcbertragen.<\/p>\n","protected":false},"excerpt":{"rendered":"<p>Neun M\u00fcnzen<\/p>\n","protected":false},"featured_media":1169,"comment_status":"closed","ping_status":"closed","template":"","meta":[],"product_brand":[],"product_cat":[178,43],"product_tag":[218,217],"class_list":{"0":"post-732","1":"product","2":"type-product","3":"status-publish","4":"has-post-thumbnail","6":"product_cat-feng-shui-artikel","7":"product_cat-reichtumsecke","8":"product_tag-gluck","9":"product_tag-wohlstand","11":"first","12":"instock","13":"taxable","14":"shipping-taxable","15":"purchasable","16":"product-type-simple"},"_links":{"self":[{"href":"https:\/\/www.pittini.at\/shop\/wp-json\/wp\/v2\/product\/732","targetHints":{"allow":["GET"]}}],"collection":[{"href":"https:\/\/www.pittini.at\/shop\/wp-json\/wp\/v2\/product"}],"about":[{"href":"https:\/\/www.pittini.at\/shop\/wp-json\/wp\/v2\/types\/product"}],"replies":[{"embeddable":true,"href":"https:\/\/www.pittini.at\/shop\/wp-json\/wp\/v2\/comments?post=732"}],"wp:featuredmedia":[{"embeddable":true,"href":"https:\/\/www.pittini.at\/shop\/wp-json\/wp\/v2\/media\/1169"}],"wp:attachment":[{"href":"https:\/\/www.pittini.at\/shop\/wp-json\/wp\/v2\/media?parent=732"}],"wp:term":[{"taxonomy":"product_brand","embeddable":true,"href":"https:\/\/www.pittini.at\/shop\/wp-json\/wp\/v2\/product_brand?post=732"},{"taxonomy":"product_cat","embeddable":true,"href":"https:\/\/www.pittini.at\/shop\/wp-json\/wp\/v2\/product_cat?post=732"},{"taxonomy":"product_tag","embeddable":true,"href":"https:\/\/www.pittini.at\/shop\/wp-json\/wp\/v2\/product_tag?post=732"}],"curies":[{"name":"wp","href":"https:\/\/api.w.org\/{rel}","templated":true}]}}