{"id":864,"date":"2013-07-02T10:19:46","date_gmt":"2013-07-02T09:19:46","guid":{"rendered":"http:\/\/www.pittini.at\/shop\/?post_type=product&#038;p=864"},"modified":"2014-07-03T14:58:14","modified_gmt":"2014-07-03T13:58:14","slug":"tachyonisierte-mini-telefon-zelle","status":"publish","type":"product","link":"https:\/\/www.pittini.at\/shop\/produkt\/tachyonisierte-mini-telefon-zelle\/","title":{"rendered":"Tachyonisierte Mini-Telefon-Zelle"},"content":{"rendered":"<p>Die Tachyonisierten\u2122 Mini Telefon Zellen transformieren effektiv die st\u00f6renden Wellenmuster von elektro-magnetischen Feldern und gew\u00e4hrleisten Ihren Schutz.<\/p>\n<p>Sie k\u00f6nnen die Tachyonisierten Mini Telefon Zellen an jedem Telefon benutzen einschlie\u00dflich Funktelefone, schnurlose oder normale Haustelefone. Sie k\u00f6nnen auch gro\u00dfartig an kleineren elektronischen Ger\u00e4ten, wie Game Boy, IPod, CD Spieler und handgehaltene Palms verwendet werden.<\/p>\n<p>Entfernen Sie einfach eine Seite des doppelseitigen Klebebandes und bringen Sie es auf dem Batterieteil des Ger\u00e4tes an. Es ist wichtig, dass die Oberfl\u00e4che sauber und trocken ist, bevor die Zellen aufgeklebt werden.<\/p>\n<p>Die Tachyonisierten Mini Telefon Zelle gibt es\u00a0 in Form von\u00a0Herzen, Sternen und Kreise .<\/p>\n","protected":false},"excerpt":{"rendered":"<p>Tachyonisierte Mini-Telefon-Zelle<\/p>\n<p>Herz, Stern und Kreis<\/p>\n","protected":false},"featured_media":1272,"comment_status":"closed","ping_status":"closed","template":"","meta":[],"product_brand":[],"product_cat":[42],"product_tag":[224,222],"class_list":{"0":"post-864","1":"product","2":"type-product","3":"status-publish","4":"has-post-thumbnail","6":"product_cat-tachyonen","7":"product_tag-ausgleichen","8":"product_tag-harmonisieren","10":"first","11":"instock","12":"taxable","13":"shipping-taxable","14":"purchasable","15":"product-type-simple"},"_links":{"self":[{"href":"https:\/\/www.pittini.at\/shop\/wp-json\/wp\/v2\/product\/864","targetHints":{"allow":["GET"]}}],"collection":[{"href":"https:\/\/www.pittini.at\/shop\/wp-json\/wp\/v2\/product"}],"about":[{"href":"https:\/\/www.pittini.at\/shop\/wp-json\/wp\/v2\/types\/product"}],"replies":[{"embeddable":true,"href":"https:\/\/www.pittini.at\/shop\/wp-json\/wp\/v2\/comments?post=864"}],"wp:featuredmedia":[{"embeddable":true,"href":"https:\/\/www.pittini.at\/shop\/wp-json\/wp\/v2\/media\/1272"}],"wp:attachment":[{"href":"https:\/\/www.pittini.at\/shop\/wp-json\/wp\/v2\/media?parent=864"}],"wp:term":[{"taxonomy":"product_brand","embeddable":true,"href":"https:\/\/www.pittini.at\/shop\/wp-json\/wp\/v2\/product_brand?post=864"},{"taxonomy":"product_cat","embeddable":true,"href":"https:\/\/www.pittini.at\/shop\/wp-json\/wp\/v2\/product_cat?post=864"},{"taxonomy":"product_tag","embeddable":true,"href":"https:\/\/www.pittini.at\/shop\/wp-json\/wp\/v2\/product_tag?post=864"}],"curies":[{"name":"wp","href":"https:\/\/api.w.org\/{rel}","templated":true}]}}