{"id":871,"date":"2013-07-02T10:57:56","date_gmt":"2013-07-02T09:57:56","guid":{"rendered":"http:\/\/www.pittini.at\/shop\/?post_type=product&#038;p=871"},"modified":"2017-04-21T10:24:20","modified_gmt":"2017-04-21T08:24:20","slug":"tachyonisiertes-velcro-stirnband","status":"publish","type":"product","link":"https:\/\/www.pittini.at\/shop\/produkt\/tachyonisiertes-velcro-stirnband\/","title":{"rendered":"Tachyonisiertes Velcro Stirnband"},"content":{"rendered":"<p>Tachyonisierte Velcro Stirnb\u00e4nder sind aus einem hochwertigen, doppelgewebten Baumwollfrottee hergestellt (nicht elastisch- sondern verstellbar). Das Stirnband energetisiert die Subtil\u00a0Organisierenden Energiefelder (SOEF) des Gehirns, balanciert die rechte und linke Hemisph\u00e4ren und steigert die mentale Genauigkeit.<\/p>\n<p>Tachyonisierte Stirnb\u00e4nder decken den gesamten Gehirnbereich ab. Sie werden f\u00fcr jedes und\u00a0bei allen Gehirnproblemen empfohlen.<\/p>\n<p>Tachyonisierte Stirnb\u00e4nder sind f\u00fcr eine Vielzahl von Zwecken verwendbar:Meditation, Studenten, Sportler, bei Kopfschmerzen, Halsschmerzen, Schilddr\u00fcsenprobleme,&#8230;<br \/>\n<strong><\/strong><\/p>\n","protected":false},"excerpt":{"rendered":"<p>Tachyonisiertes Velcro Stirnband<\/p>\n<p>Farbe bitte angeben<\/p>\n<p>lagernde Farben: Blau, Wei\u00df, Grau<\/p>\n","protected":false},"featured_media":1273,"comment_status":"closed","ping_status":"closed","template":"","meta":[],"product_brand":[],"product_cat":[42],"product_tag":[240],"class_list":{"0":"post-871","1":"product","2":"type-product","3":"status-publish","4":"has-post-thumbnail","6":"product_cat-tachyonen","7":"product_tag-schmerzen","9":"first","10":"instock","11":"taxable","12":"shipping-taxable","13":"purchasable","14":"product-type-simple"},"_links":{"self":[{"href":"https:\/\/www.pittini.at\/shop\/wp-json\/wp\/v2\/product\/871","targetHints":{"allow":["GET"]}}],"collection":[{"href":"https:\/\/www.pittini.at\/shop\/wp-json\/wp\/v2\/product"}],"about":[{"href":"https:\/\/www.pittini.at\/shop\/wp-json\/wp\/v2\/types\/product"}],"replies":[{"embeddable":true,"href":"https:\/\/www.pittini.at\/shop\/wp-json\/wp\/v2\/comments?post=871"}],"wp:featuredmedia":[{"embeddable":true,"href":"https:\/\/www.pittini.at\/shop\/wp-json\/wp\/v2\/media\/1273"}],"wp:attachment":[{"href":"https:\/\/www.pittini.at\/shop\/wp-json\/wp\/v2\/media?parent=871"}],"wp:term":[{"taxonomy":"product_brand","embeddable":true,"href":"https:\/\/www.pittini.at\/shop\/wp-json\/wp\/v2\/product_brand?post=871"},{"taxonomy":"product_cat","embeddable":true,"href":"https:\/\/www.pittini.at\/shop\/wp-json\/wp\/v2\/product_cat?post=871"},{"taxonomy":"product_tag","embeddable":true,"href":"https:\/\/www.pittini.at\/shop\/wp-json\/wp\/v2\/product_tag?post=871"}],"curies":[{"name":"wp","href":"https:\/\/api.w.org\/{rel}","templated":true}]}}