{"id":992,"date":"2013-07-17T14:35:40","date_gmt":"2013-07-17T13:35:40","guid":{"rendered":"http:\/\/www.pittini.at\/shop\/?post_type=product&#038;p=992"},"modified":"2015-12-02T11:54:24","modified_gmt":"2015-12-02T10:54:24","slug":"sardonyx-donut","status":"publish","type":"product","link":"https:\/\/www.pittini.at\/shop\/produkt\/sardonyx-donut\/","title":{"rendered":"Donut Sardonyx"},"content":{"rendered":"<p>Gr\u00f6\u00dfe: DM 5 cm<\/p>\n<p>Sardonyx auch mit Spirale lieferbar, Preis\u00a0 \u20ac\u00a0 27.80<\/p>\n<p>Preis der Spirale\u00a0 \u20ac\u00a0 10.00<\/p>\n<p>Sardonyx: f\u00fcr Aufrichtigkeit und Charakterst\u00e4rke, verfeinert die Wahrnehmung\u00a0 und f\u00f6rdert deren Verarbeitung, f\u00f6rdert alle Sinne, hilft bei Ohrenbeschwerden und Tinnitus, st\u00e4rkt die Milz, verhindert Krankheits-R\u00fcckf\u00e4lle.<span style=\"color: #800000; font-family: Arial,Helvetica,sans-serif; font-size: small;\"><span style=\"color: #ffffff; font-family: Arial,Helvetica,sans-serif; font-size: small;\"> Die<br \/>\n<\/span><\/span><\/p>\n","protected":false},"excerpt":{"rendered":"<p>Sardonyx Donut<\/p>\n<p>Einzelst\u00fcck<\/p>\n","protected":false},"featured_media":993,"comment_status":"closed","ping_status":"closed","template":"","meta":[],"product_brand":[],"product_cat":[],"product_tag":[253],"class_list":{"0":"post-992","1":"product","2":"type-product","3":"status-publish","4":"has-post-thumbnail","6":"product_tag-sinneswahrnehmung","8":"first","9":"instock","10":"taxable","11":"shipping-taxable","12":"purchasable","13":"product-type-simple"},"_links":{"self":[{"href":"https:\/\/www.pittini.at\/shop\/wp-json\/wp\/v2\/product\/992","targetHints":{"allow":["GET"]}}],"collection":[{"href":"https:\/\/www.pittini.at\/shop\/wp-json\/wp\/v2\/product"}],"about":[{"href":"https:\/\/www.pittini.at\/shop\/wp-json\/wp\/v2\/types\/product"}],"replies":[{"embeddable":true,"href":"https:\/\/www.pittini.at\/shop\/wp-json\/wp\/v2\/comments?post=992"}],"wp:featuredmedia":[{"embeddable":true,"href":"https:\/\/www.pittini.at\/shop\/wp-json\/wp\/v2\/media\/993"}],"wp:attachment":[{"href":"https:\/\/www.pittini.at\/shop\/wp-json\/wp\/v2\/media?parent=992"}],"wp:term":[{"taxonomy":"product_brand","embeddable":true,"href":"https:\/\/www.pittini.at\/shop\/wp-json\/wp\/v2\/product_brand?post=992"},{"taxonomy":"product_cat","embeddable":true,"href":"https:\/\/www.pittini.at\/shop\/wp-json\/wp\/v2\/product_cat?post=992"},{"taxonomy":"product_tag","embeddable":true,"href":"https:\/\/www.pittini.at\/shop\/wp-json\/wp\/v2\/product_tag?post=992"}],"curies":[{"name":"wp","href":"https:\/\/api.w.org\/{rel}","templated":true}]}}